{"id":6415,"date":"2021-08-17T15:28:49","date_gmt":"2024-06-30T10:49:00","guid":{"rendered":"https:\/\/aaspirits.com\/produkt\/coffret-cadeau-aagin-dry-gin\/"},"modified":"2025-02-04T16:20:33","modified_gmt":"2025-02-04T15:20:33","slug":"coffret-cadeau-aagin-dry-gin","status":"publish","type":"product","link":"https:\/\/aaspirits.com\/fr\/produkt\/coffret-cadeau-aagin-dry-gin\/","title":{"rendered":"Coffret cadeau AAGIN Dry Gin"},"content":{"rendered":"<p>[et_pb_section fb_built=\u00a0\u00bb1&Prime; _builder_version=\u00a0\u00bb3.22&Prime; custom_padding=\u00a0\u00bb0px||||false|false\u00a0\u00bb global_colors_info=\u00a0\u00bb{}\u00a0\u00bb][et_pb_row _builder_version=\u00a0\u00bb3.25&Prime; background_size=\u00a0\u00bbinitial\u00a0\u00bb background_position=\u00a0\u00bbtop_left\u00a0\u00bb background_repeat=\u00a0\u00bbrepeat\u00a0\u00bb width=\u00a0\u00bb100%\u00a0\u00bb custom_padding=\u00a0\u00bb0px||0px||false|false\u00a0\u00bb global_colors_info=\u00a0\u00bb{}\u00a0\u00bb][et_pb_column type=\u00a0\u00bb4_4&Prime; _builder_version=\u00a0\u00bb3.25&Prime; custom_padding=\u00a0\u00bb|||\u00a0\u00bb global_colors_info=\u00a0\u00bb{}\u00a0\u00bb custom_padding__hover=\u00a0\u00bb|||\u00a0\u00bb][et_pb_wc_breadcrumb _builder_version=\u00a0\u00bb3.0.47&Prime; global_colors_info=\u00a0\u00bb{}\u00a0\u00bb][\/et_pb_wc_breadcrumb][et_pb_wc_cart_notice _builder_version=\u00a0\u00bb3.0.47&Prime; global_colors_info=\u00a0\u00bb{}\u00a0\u00bb][\/et_pb_wc_cart_notice][\/et_pb_column][\/et_pb_row][et_pb_row column_structure=\u00a0\u00bb1_2,1_2&Prime; _builder_version=\u00a0\u00bb3.25&Prime; background_size=\u00a0\u00bbinitial\u00a0\u00bb background_position=\u00a0\u00bbtop_left\u00a0\u00bb background_repeat=\u00a0\u00bbrepeat\u00a0\u00bb width=\u00a0\u00bb100%\u00a0\u00bb custom_padding=\u00a0\u00bb0px||||false|false\u00a0\u00bb global_colors_info=\u00a0\u00bb{}\u00a0\u00bb][et_pb_column type=\u00a0\u00bb1_2&Prime; _builder_version=\u00a0\u00bb3.25&Prime; custom_padding=\u00a0\u00bb|||\u00a0\u00bb global_colors_info=\u00a0\u00bb{}\u00a0\u00bb custom_padding__hover=\u00a0\u00bb|||\u00a0\u00bb][et_pb_wc_images _builder_version=\u00a0\u00bb3.0.47&Prime; global_colors_info=\u00a0\u00bb{}\u00a0\u00bb][\/et_pb_wc_images][\/et_pb_column][et_pb_column type=\u00a0\u00bb1_2&Prime; _builder_version=\u00a0\u00bb3.25&Prime; custom_padding=\u00a0\u00bb|||\u00a0\u00bb global_colors_info=\u00a0\u00bb{}\u00a0\u00bb custom_padding__hover=\u00a0\u00bb|||\u00a0\u00bb][et_pb_wc_title _builder_version=\u00a0\u00bb3.0.47&Prime; global_colors_info=\u00a0\u00bb{}\u00a0\u00bb][\/et_pb_wc_title][et_pb_wc_rating module_class=\u00a0\u00bbnicht-klickbar\u00a0\u00bb _builder_version=\u00a0\u00bb4.11.4&Prime; global_colors_info=\u00a0\u00bb{}\u00a0\u00bb][\/et_pb_wc_rating][et_pb_wc_price _builder_version=\u00a0\u00bb3.0.47&Prime; global_colors_info=\u00a0\u00bb{}\u00a0\u00bb][\/et_pb_wc_price][et_pb_wc_description _builder_version=\u00a0\u00bb4.9.11&Prime; body_text_color=\u00a0\u00bb#000000&Prime; global_colors_info=\u00a0\u00bb{}\u00a0\u00bb][\/et_pb_wc_description][et_pb_wc_add_to_cart _builder_version=\u00a0\u00bb3.0.47&Prime; global_colors_info=\u00a0\u00bb{}\u00a0\u00bb][\/et_pb_wc_add_to_cart][et_pb_wc_meta _builder_version=\u00a0\u00bb3.0.47&Prime; global_colors_info=\u00a0\u00bb{}\u00a0\u00bb][\/et_pb_wc_meta][\/et_pb_column][\/et_pb_row][et_pb_row _builder_version=\u00a0\u00bb3.25&Prime; background_size=\u00a0\u00bbinitial\u00a0\u00bb background_position=\u00a0\u00bbtop_left\u00a0\u00bb background_repeat=\u00a0\u00bbrepeat\u00a0\u00bb width=\u00a0\u00bb100%\u00a0\u00bb global_colors_info=\u00a0\u00bb{}\u00a0\u00bb][et_pb_column type=\u00a0\u00bb4_4&Prime; _builder_version=\u00a0\u00bb3.25&Prime; custom_padding=\u00a0\u00bb|||\u00a0\u00bb global_colors_info=\u00a0\u00bb{}\u00a0\u00bb custom_padding__hover=\u00a0\u00bb|||\u00a0\u00bb][et_pb_wc_tabs include_tabs=\u00a0\u00bbdescription||additional_information|reviews\u00a0\u00bb _builder_version=\u00a0\u00bb4.11.4&Prime; body_text_color=\u00a0\u00bb#000000&Prime; global_colors_info=\u00a0\u00bb{}\u00a0\u00bb]\t\t\t\t\t[\/et_pb_wc_tabs][et_pb_wc_upsells _builder_version=\u00a0\u00bb3.0.47&Prime; global_colors_info=\u00a0\u00bb{}\u00a0\u00bb][\/et_pb_wc_upsells][et_pb_wc_related_products _builder_version=\u00a0\u00bb3.0.47&Prime; global_colors_info=\u00a0\u00bb{}\u00a0\u00bb][\/et_pb_wc_related_products][\/et_pb_column][\/et_pb_row][\/et_pb_section]<\/p>\n","protected":false},"excerpt":{"rendered":"<p>Comprend 19% de MwSt.<br \/>\nplus frais de port<br \/>\nContenu 500 ml \/ 43% vol<br \/>\n1 verre cristal AAGIN (500 ml)<br \/>\nincl. AAGIN logo<br \/>\n(91.80 \u20ac\/ 1 liter)<\/p>\n<p>Cette bouteille d&rsquo;AAGIN est livr\u00e9e dans un \u00e9l\u00e9gant coffret cadeau noir comprenant un verre en cristal AAGIN de haute qualit\u00e9. Id\u00e9al comme cadeau.<\/p>\n<p><a href=\"https:\/\/www.falstaff.com\/de\/search\/all?searchTerm=AASpirits\" target=\"_blank\" rel=\"noopener\"><img loading=\"lazy\" decoding=\"async\" class=\"alignnone wp-image-4178 size-medium\" src=\"https:\/\/aaspirits.com\/wp-content\/uploads\/2023\/11\/Falstaff_GIN-212x300.jpg\" alt=\"\" width=\"212\" height=\"300\" \/><\/a><\/p>\n<p><a href=\"https:\/\/aaspirits.com\/wp-content\/uploads\/2024\/07\/ISW_2020.png\">\u00a0\u00a0\u00a0\u00a0 <\/a><a href=\"https:\/\/www.meininger.de\/firmenprofil\/143741\" target=\"_blank\" rel=\"noopener\"><img loading=\"lazy\" decoding=\"async\" class=\"alignnone wp-image-6733\" src=\"https:\/\/aaspirits.com\/wp-content\/uploads\/2024\/07\/ISW_2020.png\" alt=\"\" width=\"100\" height=\"100\" srcset=\"https:\/\/aaspirits.com\/wp-content\/uploads\/2024\/07\/ISW_2020.png 200w, https:\/\/aaspirits.com\/wp-content\/uploads\/2024\/07\/ISW_2020-150x150.png 150w, https:\/\/aaspirits.com\/wp-content\/uploads\/2024\/07\/ISW_2020-100x100.png 100w\" sizes=\"auto, (max-width: 100px) 100vw, 100px\" \/><\/a><a href=\"https:\/\/aaspirits.com\/wp-content\/uploads\/2024\/07\/ISW_2021.png\">\u00a0\u00a0\u00a0\u00a0 <\/a><a href=\"https:\/\/www.meininger.de\/firmenprofil\/143741\" target=\"_blank\" rel=\"noopener\"><img loading=\"lazy\" decoding=\"async\" class=\"alignnone wp-image-6736\" src=\"https:\/\/aaspirits.com\/wp-content\/uploads\/2024\/07\/ISW_2021.png\" alt=\"\" width=\"100\" height=\"100\" srcset=\"https:\/\/aaspirits.com\/wp-content\/uploads\/2024\/07\/ISW_2021.png 200w, https:\/\/aaspirits.com\/wp-content\/uploads\/2024\/07\/ISW_2021-150x150.png 150w, https:\/\/aaspirits.com\/wp-content\/uploads\/2024\/07\/ISW_2021-100x100.png 100w\" sizes=\"auto, (max-width: 100px) 100vw, 100px\" \/><\/a> \u00a0 \u00a0 <a href=\"https:\/\/europeanspiritschallenge.org\/european-spirits-challenge-2021-results\/\" target=\"_blank\" rel=\"noopener\"><img loading=\"lazy\" decoding=\"async\" class=\"alignnone wp-image-6739\" src=\"https:\/\/aaspirits.com\/wp-content\/uploads\/2024\/07\/ESC.png\" alt=\"\" width=\"100\" height=\"100\" srcset=\"https:\/\/aaspirits.com\/wp-content\/uploads\/2024\/07\/ESC.png 200w, https:\/\/aaspirits.com\/wp-content\/uploads\/2024\/07\/ESC-150x150.png 150w, https:\/\/aaspirits.com\/wp-content\/uploads\/2024\/07\/ESC-100x100.png 100w\" sizes=\"auto, (max-width: 100px) 100vw, 100px\" \/><\/a><\/p>\n<p><a href=\"https:\/\/aaspirits.com\/wp-content\/uploads\/2024\/07\/Women_2021_gold.png\"> \u00a0 \u00a0 <\/a><a href=\"https:\/\/womenstrophy.com\/en\/results-spirit-2021\" target=\"_blank\" rel=\"noopener\"><img loading=\"lazy\" decoding=\"async\" class=\"alignnone wp-image-6742\" src=\"https:\/\/aaspirits.com\/wp-content\/uploads\/2024\/07\/Women_2021_gold.png\" alt=\"\" width=\"100\" height=\"100\" srcset=\"https:\/\/aaspirits.com\/wp-content\/uploads\/2024\/07\/Women_2021_gold.png 200w, https:\/\/aaspirits.com\/wp-content\/uploads\/2024\/07\/Women_2021_gold-150x150.png 150w, https:\/\/aaspirits.com\/wp-content\/uploads\/2024\/07\/Women_2021_gold-100x100.png 100w\" sizes=\"auto, (max-width: 100px) 100vw, 100px\" \/><\/a><a href=\"https:\/\/aaspirits.com\/wp-content\/uploads\/2024\/07\/LSC_2022_silver.png\"> \u00a0 \u00a0 <\/a><a href=\"https:\/\/londonspiritscompetition.com\/en\/competition-global-results\/2022\/\" target=\"_blank\" rel=\"noopener\"><img loading=\"lazy\" decoding=\"async\" class=\"alignnone wp-image-6751\" src=\"https:\/\/aaspirits.com\/wp-content\/uploads\/2024\/07\/LSC_2022_silver.png\" alt=\"\" width=\"100\" height=\"100\" srcset=\"https:\/\/aaspirits.com\/wp-content\/uploads\/2024\/07\/LSC_2022_silver.png 200w, https:\/\/aaspirits.com\/wp-content\/uploads\/2024\/07\/LSC_2022_silver-150x150.png 150w, https:\/\/aaspirits.com\/wp-content\/uploads\/2024\/07\/LSC_2022_silver-100x100.png 100w\" sizes=\"auto, (max-width: 100px) 100vw, 100px\" \/><\/a><a href=\"https:\/\/aaspirits.com\/wp-content\/uploads\/2024\/07\/2023_Craft-Spirits-Berlin-Awards_CERTFICATE-bronze_AAGIN-scaled.jpg\">\u00a0\u00a0\u00a0\u00a0 <\/a><a href=\"https:\/\/aaspirits.com\/wp-content\/uploads\/2024\/07\/2023_Craft-Spirits-Berlin-Awards_CERTFICATE-bronze_AAGIN-scaled.jpg\" target=\"_blank\" rel=\"noopener\"><img loading=\"lazy\" decoding=\"async\" class=\"alignnone wp-image-6757\" src=\"https:\/\/aaspirits.com\/wp-content\/uploads\/2024\/07\/Craft_Spirits_Berlin_AAGIN_2023_bronce.png\" alt=\"\" width=\"100\" height=\"100\" srcset=\"https:\/\/aaspirits.com\/wp-content\/uploads\/2024\/07\/Craft_Spirits_Berlin_AAGIN_2023_bronce.png 200w, https:\/\/aaspirits.com\/wp-content\/uploads\/2024\/07\/Craft_Spirits_Berlin_AAGIN_2023_bronce-150x150.png 150w, https:\/\/aaspirits.com\/wp-content\/uploads\/2024\/07\/Craft_Spirits_Berlin_AAGIN_2023_bronce-100x100.png 100w\" sizes=\"auto, (max-width: 100px) 100vw, 100px\" \/><\/a><a href=\"https:\/\/aaspirits.com\/wp-content\/uploads\/2024\/07\/SFWS_2024_gold.png\">\u00a0 \u00a0 \u00a0<\/a><a href=\"https:\/\/thetastingalliance.com\/results\/2024-san-francisco-world-spirits-competition-results\/\" target=\"_blank\" rel=\"noopener\"><img loading=\"lazy\" decoding=\"async\" class=\"alignnone wp-image-6748\" src=\"https:\/\/aaspirits.com\/wp-content\/uploads\/2024\/07\/SFWS_2024_gold.png\" alt=\"\" width=\"100\" height=\"100\" srcset=\"https:\/\/aaspirits.com\/wp-content\/uploads\/2024\/07\/SFWS_2024_gold.png 200w, https:\/\/aaspirits.com\/wp-content\/uploads\/2024\/07\/SFWS_2024_gold-150x150.png 150w, https:\/\/aaspirits.com\/wp-content\/uploads\/2024\/07\/SFWS_2024_gold-100x100.png 100w\" sizes=\"auto, (max-width: 100px) 100vw, 100px\" \/><\/a><\/p>\n<p>&nbsp;<\/p>\n","protected":false},"featured_media":3545,"comment_status":"open","ping_status":"closed","template":"","meta":{"_et_pb_use_builder":"on","_et_pb_old_content":"<div>\r\n<div>AAGIN Dry Gin dans un \u00e9l\u00e9gant coffret cadeau noir comprenant un verre en cristal AAGIN de haute qualit\u00e9. Id\u00e9al comme cadeau.<\/div>\r\n<div><\/div>\r\n<div>De la vision d'inspirer les sens et l'intellect et de la combinaison distill\u00e9e de passion, d'exp\u00e9rience et de tradition, l'id\u00e9e de ce GIN d\u00e9licatement fruit\u00e9 est n\u00e9e dans la chaufferie de l'ancienne usine de papier de luxe Albrecht &amp; Meister sur l'Aroser Allee (AA), construite en 1908, \u00e0 Berlin. Le Dr Klaus Hagmann, expert en distillats de premier ordre et amateur passionn\u00e9 de gin, a raffin\u00e9 une tr\u00e8s grande portion de baies de geni\u00e8vre en une essence unique en utilisant une recette top secr\u00e8te de plantes exquises.<\/div>\r\n<div>AAGIN Dry Gin est un gin produit selon le proc\u00e9d\u00e9 classique London Dry GIN. De grandes quantit\u00e9s de plantes sont distill\u00e9es lentement et doucement dans un alambic en cuivre martel\u00e9 \u00e0 la main de 150 litres. L'abondance d'ar\u00f4mes et la corpulence se ressentent clairement d\u00e8s la premi\u00e8re fois que vous le sentez et le go\u00fbtez.<\/div>\r\n<div>En ajoutant une tr\u00e8s grande portion de baies de geni\u00e8vre, l'AAGIN (Call me [e\u0131d\u021d\u0131n]) a un go\u00fbt intense de geni\u00e8vre. Le gingembre et la cardamome lui donnent du piquant, le cassis et le pamplemousse lui assurent un go\u00fbt fruit\u00e9 et complexe avec de fines nuances d'agrumes.<\/div>\r\n<div>AAGIN EST UN HOMMAGE \u00c0 LA MAGNIFIQUE BELLE EPOQUE DE BERLIN. PUREMENT UN D\u00c9LICIEUX.<\/div>\r\n<div>Bouquet intens\u00e9ment fruit\u00e9.<\/div>\r\n<div>Le haut art du gin berlinois pour les palais fins.<\/div>\r\n<div>R\u00e9compens\u00e9 \u00e0 plusieurs reprises par une m\u00e9daille d'OR.<\/div>\r\n<\/div>\r\nPrix:\r\n2020 \u2013 GOLD \u2013 Meininger\u00b4s International Spirits Award\r\n2021 \u2013 GOLD \u2013 Meininger\u00b4s International Spirits Award\r\n2021 \u2013 GOLD \u2013 European Spirits Challenge\r\n2021 \u2013 GOLD \u2013 Women International Trophy\r\n2022 \u2013 SILBER \u2013 London Spirits Competition\r\n2023 \u2013 excellent \u2013 91 points - Falstaff Spirits Special\r\n2023 \u2013 BRONCE \u2013 Craft Spirits Berlin Awards\r\n2024 \u2013 GOLD \u2013 San Francisco World Spirits Competition","_et_gb_content_width":""},"product_brand":[],"product_cat":[115],"product_tag":[],"class_list":{"0":"post-6415","1":"product","2":"type-product","3":"status-publish","4":"has-post-thumbnail","6":"product_cat-gin-fr","8":"first","9":"instock","10":"taxable","11":"shipping-taxable","12":"purchasable","13":"product-type-simple"},"_links":{"self":[{"href":"https:\/\/aaspirits.com\/fr\/wp-json\/wp\/v2\/product\/6415","targetHints":{"allow":["GET"]}}],"collection":[{"href":"https:\/\/aaspirits.com\/fr\/wp-json\/wp\/v2\/product"}],"about":[{"href":"https:\/\/aaspirits.com\/fr\/wp-json\/wp\/v2\/types\/product"}],"replies":[{"embeddable":true,"href":"https:\/\/aaspirits.com\/fr\/wp-json\/wp\/v2\/comments?post=6415"}],"wp:featuredmedia":[{"embeddable":true,"href":"https:\/\/aaspirits.com\/fr\/wp-json\/wp\/v2\/media\/3545"}],"wp:attachment":[{"href":"https:\/\/aaspirits.com\/fr\/wp-json\/wp\/v2\/media?parent=6415"}],"wp:term":[{"taxonomy":"product_brand","embeddable":true,"href":"https:\/\/aaspirits.com\/fr\/wp-json\/wp\/v2\/product_brand?post=6415"},{"taxonomy":"product_cat","embeddable":true,"href":"https:\/\/aaspirits.com\/fr\/wp-json\/wp\/v2\/product_cat?post=6415"},{"taxonomy":"product_tag","embeddable":true,"href":"https:\/\/aaspirits.com\/fr\/wp-json\/wp\/v2\/product_tag?post=6415"}],"curies":[{"name":"wp","href":"https:\/\/api.w.org\/{rel}","templated":true}]}}