{"id":4161,"date":"2021-11-23T11:04:00","date_gmt":"2023-11-10T12:01:23","guid":{"rendered":"https:\/\/aagin.com\/produkt\/aavermouth-heritage\/"},"modified":"2025-02-04T15:49:05","modified_gmt":"2025-02-04T14:49:05","slug":"aavermouth","status":"publish","type":"product","link":"https:\/\/aaspirits.com\/fr\/produkt\/aavermouth\/","title":{"rendered":"AAVERMOUTH HERITAGE"},"content":{"rendered":"<p>[et_pb_section fb_built=\u00a0\u00bb1&Prime; _builder_version=\u00a0\u00bb3.22&Prime; custom_padding=\u00a0\u00bb0px||||false|false\u00a0\u00bb global_colors_info=\u00a0\u00bb{}\u00a0\u00bb][et_pb_row _builder_version=\u00a0\u00bb3.25&Prime; background_size=\u00a0\u00bbinitial\u00a0\u00bb background_position=\u00a0\u00bbtop_left\u00a0\u00bb background_repeat=\u00a0\u00bbrepeat\u00a0\u00bb width=\u00a0\u00bb100%\u00a0\u00bb custom_padding=\u00a0\u00bb0px||0px||false|false\u00a0\u00bb global_colors_info=\u00a0\u00bb{}\u00a0\u00bb][et_pb_column type=\u00a0\u00bb4_4&Prime; _builder_version=\u00a0\u00bb3.25&Prime; custom_padding=\u00a0\u00bb|||\u00a0\u00bb global_colors_info=\u00a0\u00bb{}\u00a0\u00bb custom_padding__hover=\u00a0\u00bb|||\u00a0\u00bb][et_pb_wc_breadcrumb _builder_version=\u00a0\u00bb3.0.47&Prime; global_colors_info=\u00a0\u00bb{}\u00a0\u00bb][\/et_pb_wc_breadcrumb][et_pb_wc_cart_notice _builder_version=\u00a0\u00bb3.0.47&Prime; global_colors_info=\u00a0\u00bb{}\u00a0\u00bb][\/et_pb_wc_cart_notice][\/et_pb_column][\/et_pb_row][et_pb_row column_structure=\u00a0\u00bb1_2,1_2&Prime; _builder_version=\u00a0\u00bb3.25&Prime; background_size=\u00a0\u00bbinitial\u00a0\u00bb background_position=\u00a0\u00bbtop_left\u00a0\u00bb background_repeat=\u00a0\u00bbrepeat\u00a0\u00bb width=\u00a0\u00bb100%\u00a0\u00bb custom_padding=\u00a0\u00bb0px||||false|false\u00a0\u00bb global_colors_info=\u00a0\u00bb{}\u00a0\u00bb][et_pb_column type=\u00a0\u00bb1_2&Prime; _builder_version=\u00a0\u00bb3.25&Prime; custom_padding=\u00a0\u00bb|||\u00a0\u00bb global_colors_info=\u00a0\u00bb{}\u00a0\u00bb custom_padding__hover=\u00a0\u00bb|||\u00a0\u00bb][et_pb_wc_images _builder_version=\u00a0\u00bb3.0.47&Prime; global_colors_info=\u00a0\u00bb{}\u00a0\u00bb][\/et_pb_wc_images][\/et_pb_column][et_pb_column type=\u00a0\u00bb1_2&Prime; _builder_version=\u00a0\u00bb3.25&Prime; custom_padding=\u00a0\u00bb|||\u00a0\u00bb global_colors_info=\u00a0\u00bb{}\u00a0\u00bb custom_padding__hover=\u00a0\u00bb|||\u00a0\u00bb][et_pb_wc_title _builder_version=\u00a0\u00bb3.0.47&Prime; global_colors_info=\u00a0\u00bb{}\u00a0\u00bb][\/et_pb_wc_title][et_pb_wc_rating module_class=\u00a0\u00bbnicht-klickbar\u00a0\u00bb _builder_version=\u00a0\u00bb4.11.4&Prime; global_colors_info=\u00a0\u00bb{}\u00a0\u00bb][\/et_pb_wc_rating][et_pb_wc_price _builder_version=\u00a0\u00bb3.0.47&Prime; global_colors_info=\u00a0\u00bb{}\u00a0\u00bb][\/et_pb_wc_price][et_pb_wc_description _builder_version=\u00a0\u00bb4.9.11&Prime; body_text_color=\u00a0\u00bb#000000&Prime; global_colors_info=\u00a0\u00bb{}\u00a0\u00bb][\/et_pb_wc_description][et_pb_wc_add_to_cart _builder_version=\u00a0\u00bb3.0.47&Prime; global_colors_info=\u00a0\u00bb{}\u00a0\u00bb][\/et_pb_wc_add_to_cart][et_pb_wc_meta _builder_version=\u00a0\u00bb3.0.47&Prime; global_colors_info=\u00a0\u00bb{}\u00a0\u00bb][\/et_pb_wc_meta][\/et_pb_column][\/et_pb_row][et_pb_row _builder_version=\u00a0\u00bb3.25&Prime; background_size=\u00a0\u00bbinitial\u00a0\u00bb background_position=\u00a0\u00bbtop_left\u00a0\u00bb background_repeat=\u00a0\u00bbrepeat\u00a0\u00bb width=\u00a0\u00bb100%\u00a0\u00bb global_colors_info=\u00a0\u00bb{}\u00a0\u00bb][et_pb_column type=\u00a0\u00bb4_4&Prime; _builder_version=\u00a0\u00bb3.25&Prime; custom_padding=\u00a0\u00bb|||\u00a0\u00bb global_colors_info=\u00a0\u00bb{}\u00a0\u00bb custom_padding__hover=\u00a0\u00bb|||\u00a0\u00bb][et_pb_wc_tabs include_tabs=\u00a0\u00bbdescription||additional_information|reviews\u00a0\u00bb _builder_version=\u00a0\u00bb4.11.4&Prime; body_text_color=\u00a0\u00bb#000000&Prime; background_color=\u00a0\u00bb#FFFFFF\u00a0\u00bb global_colors_info=\u00a0\u00bb{}\u00a0\u00bb]\t\t\t\t\t[\/et_pb_wc_tabs][et_pb_wc_upsells _builder_version=\u00a0\u00bb3.0.47&Prime; global_colors_info=\u00a0\u00bb{}\u00a0\u00bb][\/et_pb_wc_upsells][et_pb_wc_related_products _builder_version=\u00a0\u00bb3.0.47&Prime; global_colors_info=\u00a0\u00bb{}\u00a0\u00bb][\/et_pb_wc_related_products][\/et_pb_column][\/et_pb_row][\/et_pb_section]<\/p>\n","protected":false},"excerpt":{"rendered":"<p>Inclut 19% de TVA<br \/>\nplus Frais d&rsquo;exp\u00e9dition<br \/>\nContenu : 500 ml \/ 18 % vol<br \/>\n(39,00 \u20ac \/ 1 L)<\/p>\n<p><a href=\"https:\/\/www.falstaff.com\/de\/search\/all?searchTerm=AASpirits\" target=\"_blank\" rel=\"noopener\"><img loading=\"lazy\" decoding=\"async\" class=\"alignnone wp-image-4175 size-medium\" src=\"https:\/\/aaspirits.com\/wp-content\/uploads\/2023\/11\/FalstaffUrkundeAAVERMOUTH-212x300.jpg\" alt=\"\" width=\"212\" height=\"300\" \/><\/a><\/p>\n<p><a href=\"https:\/\/www.meininger.de\/firmenprofil\/143741\" target=\"_blank\" rel=\"noopener\"><img loading=\"lazy\" decoding=\"async\" class=\"alignnone wp-image-6730\" src=\"https:\/\/aaspirits.com\/wp-content\/uploads\/2024\/07\/ISW_2022.png\" alt=\"\" width=\"100\" height=\"100\" srcset=\"https:\/\/aaspirits.com\/wp-content\/uploads\/2024\/07\/ISW_2022.png 198w, https:\/\/aaspirits.com\/wp-content\/uploads\/2024\/07\/ISW_2022-150x150.png 150w, https:\/\/aaspirits.com\/wp-content\/uploads\/2024\/07\/ISW_2022-100x100.png 100w\" sizes=\"auto, (max-width: 100px) 100vw, 100px\" \/> \u00a0 \u00a0 <\/a><a href=\"https:\/\/aaspirits.com\/wp-content\/uploads\/2024\/07\/2023_Craft-Spirits-Berlin-AWARDS-CERTFICATE-SILVER-AAVERMOUTH-scaled.jpg\" target=\"_blank\" rel=\"noopener\"><img loading=\"lazy\" decoding=\"async\" class=\"alignnone wp-image-6754\" src=\"https:\/\/aaspirits.com\/wp-content\/uploads\/2024\/07\/Craft_Spirits_Berlin_AAVERMOUTH_2023_silver.png\" alt=\"\" width=\"100\" height=\"100\" srcset=\"https:\/\/aaspirits.com\/wp-content\/uploads\/2024\/07\/Craft_Spirits_Berlin_AAVERMOUTH_2023_silver.png 200w, https:\/\/aaspirits.com\/wp-content\/uploads\/2024\/07\/Craft_Spirits_Berlin_AAVERMOUTH_2023_silver-150x150.png 150w, https:\/\/aaspirits.com\/wp-content\/uploads\/2024\/07\/Craft_Spirits_Berlin_AAVERMOUTH_2023_silver-100x100.png 100w\" sizes=\"auto, (max-width: 100px) 100vw, 100px\" \/> \u00a0 \u00a0 <\/a><a href=\"https:\/\/aaspirits.com\/wp-content\/uploads\/2024\/07\/2024_Craft-Spirits-Berlin-Awards_Urkunde_AAVERMOUTH_silver-scaled.jpg\" target=\"_blank\" rel=\"noopener\"><img loading=\"lazy\" decoding=\"async\" class=\"alignnone wp-image-6760\" src=\"https:\/\/aaspirits.com\/wp-content\/uploads\/2024\/07\/Craft_Spirits_Berlin_AAVERMOUTH_2024_silver.png\" alt=\"\" width=\"100\" height=\"100\" srcset=\"https:\/\/aaspirits.com\/wp-content\/uploads\/2024\/07\/Craft_Spirits_Berlin_AAVERMOUTH_2024_silver.png 200w, https:\/\/aaspirits.com\/wp-content\/uploads\/2024\/07\/Craft_Spirits_Berlin_AAVERMOUTH_2024_silver-150x150.png 150w, https:\/\/aaspirits.com\/wp-content\/uploads\/2024\/07\/Craft_Spirits_Berlin_AAVERMOUTH_2024_silver-100x100.png 100w\" sizes=\"auto, (max-width: 100px) 100vw, 100px\" \/><\/a><\/p>\n<p>&nbsp;<\/p>\n","protected":false},"featured_media":6463,"comment_status":"open","ping_status":"closed","template":"","meta":{"_et_pb_use_builder":"on","_et_pb_old_content":"Non seulement nos gins sont exceptionnels, mais aussi notre Berliner AAVERMOUTH HERITAGE artisanal et d\u00e9licatement fruit\u00e9.\r\nLors de la fabrication, l'AAGIN de notre distillerie traditionnelle berlinoise est m\u00e9lang\u00e9 \u00e0 du pinot blanc badois s\u00e9lectionn\u00e9 issu de la culture durable et \u00e0 un distillat de vermouth des plus fins, fabriqu\u00e9 par nos soins.\r\nUn \u00e9lixir merveilleux avec une exp\u00e9rience gustative unique. \u00c9pic\u00e9 avec une fine amertume.\r\nLa bouteille de 500 ml de qualit\u00e9 sup\u00e9rieure est munie d'une \u00e9tiquette ennoblie avec un gaufrage en bronze.\r\n\r\nD\u00e9cerner:\r\n2022 - OR - Meininger's International Spirits Award\r\n2023 \u2013 excellent \u2013 93 points - Falstaff Spirits Special\r\n2023 \u2013 SILBER - Craft Spirits Berlin Awards\r\n2024 \u2013 SILBER - Craft Spirits Berlin Awards","_et_gb_content_width":""},"product_brand":[],"product_cat":[119],"product_tag":[],"class_list":{"0":"post-4161","1":"product","2":"type-product","3":"status-publish","4":"has-post-thumbnail","6":"product_cat-vermouth-fr","8":"first","9":"instock","10":"taxable","11":"shipping-taxable","12":"purchasable","13":"product-type-simple"},"_links":{"self":[{"href":"https:\/\/aaspirits.com\/fr\/wp-json\/wp\/v2\/product\/4161","targetHints":{"allow":["GET"]}}],"collection":[{"href":"https:\/\/aaspirits.com\/fr\/wp-json\/wp\/v2\/product"}],"about":[{"href":"https:\/\/aaspirits.com\/fr\/wp-json\/wp\/v2\/types\/product"}],"replies":[{"embeddable":true,"href":"https:\/\/aaspirits.com\/fr\/wp-json\/wp\/v2\/comments?post=4161"}],"wp:featuredmedia":[{"embeddable":true,"href":"https:\/\/aaspirits.com\/fr\/wp-json\/wp\/v2\/media\/6463"}],"wp:attachment":[{"href":"https:\/\/aaspirits.com\/fr\/wp-json\/wp\/v2\/media?parent=4161"}],"wp:term":[{"taxonomy":"product_brand","embeddable":true,"href":"https:\/\/aaspirits.com\/fr\/wp-json\/wp\/v2\/product_brand?post=4161"},{"taxonomy":"product_cat","embeddable":true,"href":"https:\/\/aaspirits.com\/fr\/wp-json\/wp\/v2\/product_cat?post=4161"},{"taxonomy":"product_tag","embeddable":true,"href":"https:\/\/aaspirits.com\/fr\/wp-json\/wp\/v2\/product_tag?post=4161"}],"curies":[{"name":"wp","href":"https:\/\/api.w.org\/{rel}","templated":true}]}}