{"id":3728,"date":"2021-08-17T14:26:35","date_gmt":"2022-11-11T19:40:44","guid":{"rendered":"https:\/\/aagin.com\/produkt\/aagin-dry-gin-inkl-geschenkbox\/"},"modified":"2025-02-04T16:25:46","modified_gmt":"2025-02-04T15:25:46","slug":"aagin-dry-gin-inkl-geschenkbox","status":"publish","type":"product","link":"https:\/\/aaspirits.com\/fr\/produkt\/aagin-dry-gin-inkl-geschenkbox\/","title":{"rendered":"AAGIN Dry Gin inkl. boite cadeau"},"content":{"rendered":"<p>[et_pb_section fb_built=\u00a0\u00bb1&Prime; _builder_version=\u00a0\u00bb3.22&Prime; custom_padding=\u00a0\u00bb0px||||false|false\u00a0\u00bb global_colors_info=\u00a0\u00bb{}\u00a0\u00bb][et_pb_row _builder_version=\u00a0\u00bb3.25&Prime; background_size=\u00a0\u00bbinitial\u00a0\u00bb background_position=\u00a0\u00bbtop_left\u00a0\u00bb background_repeat=\u00a0\u00bbrepeat\u00a0\u00bb width=\u00a0\u00bb100%\u00a0\u00bb custom_padding=\u00a0\u00bb0px||0px||false|false\u00a0\u00bb global_colors_info=\u00a0\u00bb{}\u00a0\u00bb][et_pb_column type=\u00a0\u00bb4_4&Prime; _builder_version=\u00a0\u00bb3.25&Prime; custom_padding=\u00a0\u00bb|||\u00a0\u00bb global_colors_info=\u00a0\u00bb{}\u00a0\u00bb custom_padding__hover=\u00a0\u00bb|||\u00a0\u00bb][et_pb_wc_breadcrumb _builder_version=\u00a0\u00bb3.0.47&Prime; global_colors_info=\u00a0\u00bb{}\u00a0\u00bb][\/et_pb_wc_breadcrumb][et_pb_wc_cart_notice _builder_version=\u00a0\u00bb3.0.47&Prime; global_colors_info=\u00a0\u00bb{}\u00a0\u00bb][\/et_pb_wc_cart_notice][\/et_pb_column][\/et_pb_row][et_pb_row column_structure=\u00a0\u00bb1_2,1_2&Prime; _builder_version=\u00a0\u00bb3.25&Prime; background_size=\u00a0\u00bbinitial\u00a0\u00bb background_position=\u00a0\u00bbtop_left\u00a0\u00bb background_repeat=\u00a0\u00bbrepeat\u00a0\u00bb width=\u00a0\u00bb100%\u00a0\u00bb custom_padding=\u00a0\u00bb0px||||false|false\u00a0\u00bb global_colors_info=\u00a0\u00bb{}\u00a0\u00bb][et_pb_column type=\u00a0\u00bb1_2&Prime; _builder_version=\u00a0\u00bb3.25&Prime; custom_padding=\u00a0\u00bb|||\u00a0\u00bb global_colors_info=\u00a0\u00bb{}\u00a0\u00bb custom_padding__hover=\u00a0\u00bb|||\u00a0\u00bb][et_pb_wc_images _builder_version=\u00a0\u00bb3.0.47&Prime; global_colors_info=\u00a0\u00bb{}\u00a0\u00bb][\/et_pb_wc_images][\/et_pb_column][et_pb_column type=\u00a0\u00bb1_2&Prime; _builder_version=\u00a0\u00bb3.25&Prime; custom_padding=\u00a0\u00bb|||\u00a0\u00bb global_colors_info=\u00a0\u00bb{}\u00a0\u00bb custom_padding__hover=\u00a0\u00bb|||\u00a0\u00bb][et_pb_wc_title _builder_version=\u00a0\u00bb3.0.47&Prime; global_colors_info=\u00a0\u00bb{}\u00a0\u00bb][\/et_pb_wc_title][et_pb_wc_rating module_class=\u00a0\u00bbnicht-klickbar\u00a0\u00bb _builder_version=\u00a0\u00bb4.11.4&Prime; global_colors_info=\u00a0\u00bb{}\u00a0\u00bb][\/et_pb_wc_rating][et_pb_wc_price _builder_version=\u00a0\u00bb3.0.47&Prime; global_colors_info=\u00a0\u00bb{}\u00a0\u00bb][\/et_pb_wc_price][et_pb_wc_description _builder_version=\u00a0\u00bb4.9.11&Prime; body_text_color=\u00a0\u00bb#000000&Prime; global_colors_info=\u00a0\u00bb{}\u00a0\u00bb][\/et_pb_wc_description][et_pb_wc_add_to_cart _builder_version=\u00a0\u00bb3.0.47&Prime; global_colors_info=\u00a0\u00bb{}\u00a0\u00bb][\/et_pb_wc_add_to_cart][et_pb_wc_meta _builder_version=\u00a0\u00bb3.0.47&Prime; global_colors_info=\u00a0\u00bb{}\u00a0\u00bb][\/et_pb_wc_meta][\/et_pb_column][\/et_pb_row][et_pb_row _builder_version=\u00a0\u00bb3.25&Prime; background_size=\u00a0\u00bbinitial\u00a0\u00bb background_position=\u00a0\u00bbtop_left\u00a0\u00bb background_repeat=\u00a0\u00bbrepeat\u00a0\u00bb width=\u00a0\u00bb100%\u00a0\u00bb global_colors_info=\u00a0\u00bb{}\u00a0\u00bb][et_pb_column type=\u00a0\u00bb4_4&Prime; _builder_version=\u00a0\u00bb3.25&Prime; custom_padding=\u00a0\u00bb|||\u00a0\u00bb global_colors_info=\u00a0\u00bb{}\u00a0\u00bb custom_padding__hover=\u00a0\u00bb|||\u00a0\u00bb][et_pb_wc_tabs include_tabs=\u00a0\u00bbdescription||additional_information|reviews\u00a0\u00bb admin_label=\u00a0\u00bbWoo Tabs\u00a0\u00bb _builder_version=\u00a0\u00bb4.11.4&Prime; body_text_color=\u00a0\u00bb#000000&Prime; background_color=\u00a0\u00bb#FFFFFF\u00a0\u00bb global_colors_info=\u00a0\u00bb{}\u00a0\u00bb]\t\t\t\t\t[\/et_pb_wc_tabs][et_pb_wc_upsells _builder_version=\u00a0\u00bb3.0.47&Prime; global_colors_info=\u00a0\u00bb{}\u00a0\u00bb][\/et_pb_wc_upsells][et_pb_wc_related_products _builder_version=\u00a0\u00bb3.0.47&Prime; global_colors_info=\u00a0\u00bb{}\u00a0\u00bb][\/et_pb_wc_related_products][\/et_pb_column][\/et_pb_row][\/et_pb_section]<\/p>\n","protected":false},"excerpt":{"rendered":"<p>Inclut 19% de TVA<br \/>\nplus Frais d&rsquo;exp\u00e9dition<br \/>\nContenu 500 ml \/ 43% vol<br \/>\n(74,20 \u20ac \/ 1 Liter)<\/p>\n<p>Cet ensemble comprend une bo\u00eete cadeau chic.<\/p>\n<p><a href=\"https:\/\/www.falstaff.com\/de\/search\/all?searchTerm=AASpirits\" target=\"_blank\" rel=\"noopener\"><img loading=\"lazy\" decoding=\"async\" class=\"alignnone wp-image-4178 size-medium\" src=\"https:\/\/aaspirits.com\/wp-content\/uploads\/2023\/11\/Falstaff_GIN-212x300.jpg\" alt=\"\" width=\"212\" height=\"300\" \/><\/a><\/p>\n<p><a href=\"https:\/\/aaspirits.com\/wp-content\/uploads\/2024\/07\/ISW_2020.png\">\u00a0\u00a0\u00a0\u00a0 <\/a><a href=\"https:\/\/www.meininger.de\/firmenprofil\/143741\" target=\"_blank\" rel=\"noopener\"><img loading=\"lazy\" decoding=\"async\" class=\"alignnone wp-image-6733\" src=\"https:\/\/aaspirits.com\/wp-content\/uploads\/2024\/07\/ISW_2020.png\" alt=\"\" width=\"100\" height=\"100\" srcset=\"https:\/\/aaspirits.com\/wp-content\/uploads\/2024\/07\/ISW_2020.png 200w, https:\/\/aaspirits.com\/wp-content\/uploads\/2024\/07\/ISW_2020-150x150.png 150w, https:\/\/aaspirits.com\/wp-content\/uploads\/2024\/07\/ISW_2020-100x100.png 100w\" sizes=\"auto, (max-width: 100px) 100vw, 100px\" \/><\/a><a href=\"https:\/\/aaspirits.com\/wp-content\/uploads\/2024\/07\/ISW_2021.png\">\u00a0\u00a0\u00a0\u00a0 <\/a><a href=\"https:\/\/www.meininger.de\/firmenprofil\/143741\" target=\"_blank\" rel=\"noopener\"><img loading=\"lazy\" decoding=\"async\" class=\"alignnone wp-image-6736\" src=\"https:\/\/aaspirits.com\/wp-content\/uploads\/2024\/07\/ISW_2021.png\" alt=\"\" width=\"100\" height=\"100\" srcset=\"https:\/\/aaspirits.com\/wp-content\/uploads\/2024\/07\/ISW_2021.png 200w, https:\/\/aaspirits.com\/wp-content\/uploads\/2024\/07\/ISW_2021-150x150.png 150w, https:\/\/aaspirits.com\/wp-content\/uploads\/2024\/07\/ISW_2021-100x100.png 100w\" sizes=\"auto, (max-width: 100px) 100vw, 100px\" \/><\/a> \u00a0 \u00a0 <a href=\"https:\/\/europeanspiritschallenge.org\/european-spirits-challenge-2021-results\/\" target=\"_blank\" rel=\"noopener\"><img loading=\"lazy\" decoding=\"async\" class=\"alignnone wp-image-6739\" src=\"https:\/\/aaspirits.com\/wp-content\/uploads\/2024\/07\/ESC.png\" alt=\"\" width=\"100\" height=\"100\" srcset=\"https:\/\/aaspirits.com\/wp-content\/uploads\/2024\/07\/ESC.png 200w, https:\/\/aaspirits.com\/wp-content\/uploads\/2024\/07\/ESC-150x150.png 150w, https:\/\/aaspirits.com\/wp-content\/uploads\/2024\/07\/ESC-100x100.png 100w\" sizes=\"auto, (max-width: 100px) 100vw, 100px\" \/><\/a><\/p>\n<p><a href=\"https:\/\/aaspirits.com\/wp-content\/uploads\/2024\/07\/Women_2021_gold.png\"> \u00a0 \u00a0 <\/a><a href=\"https:\/\/womenstrophy.com\/en\/results-spirit-2021\" target=\"_blank\" rel=\"noopener\"><img loading=\"lazy\" decoding=\"async\" class=\"alignnone wp-image-6742\" src=\"https:\/\/aaspirits.com\/wp-content\/uploads\/2024\/07\/Women_2021_gold.png\" alt=\"\" width=\"100\" height=\"100\" srcset=\"https:\/\/aaspirits.com\/wp-content\/uploads\/2024\/07\/Women_2021_gold.png 200w, https:\/\/aaspirits.com\/wp-content\/uploads\/2024\/07\/Women_2021_gold-150x150.png 150w, https:\/\/aaspirits.com\/wp-content\/uploads\/2024\/07\/Women_2021_gold-100x100.png 100w\" sizes=\"auto, (max-width: 100px) 100vw, 100px\" \/><\/a><a href=\"https:\/\/aaspirits.com\/wp-content\/uploads\/2024\/07\/LSC_2022_silver.png\"> \u00a0 \u00a0 <\/a><a href=\"https:\/\/londonspiritscompetition.com\/en\/competition-global-results\/2022\/\" target=\"_blank\" rel=\"noopener\"><img loading=\"lazy\" decoding=\"async\" class=\"alignnone wp-image-6751\" src=\"https:\/\/aaspirits.com\/wp-content\/uploads\/2024\/07\/LSC_2022_silver.png\" alt=\"\" width=\"100\" height=\"100\" srcset=\"https:\/\/aaspirits.com\/wp-content\/uploads\/2024\/07\/LSC_2022_silver.png 200w, https:\/\/aaspirits.com\/wp-content\/uploads\/2024\/07\/LSC_2022_silver-150x150.png 150w, https:\/\/aaspirits.com\/wp-content\/uploads\/2024\/07\/LSC_2022_silver-100x100.png 100w\" sizes=\"auto, (max-width: 100px) 100vw, 100px\" \/><\/a><a href=\"https:\/\/aaspirits.com\/wp-content\/uploads\/2024\/07\/2023_Craft-Spirits-Berlin-Awards_CERTFICATE-bronze_AAGIN-scaled.jpg\">\u00a0\u00a0\u00a0\u00a0 <\/a><a href=\"https:\/\/aaspirits.com\/wp-content\/uploads\/2024\/07\/2023_Craft-Spirits-Berlin-Awards_CERTFICATE-bronze_AAGIN-scaled.jpg\" target=\"_blank\" rel=\"noopener\"><img loading=\"lazy\" decoding=\"async\" class=\"alignnone wp-image-6757\" src=\"https:\/\/aaspirits.com\/wp-content\/uploads\/2024\/07\/Craft_Spirits_Berlin_AAGIN_2023_bronce.png\" alt=\"\" width=\"100\" height=\"100\" srcset=\"https:\/\/aaspirits.com\/wp-content\/uploads\/2024\/07\/Craft_Spirits_Berlin_AAGIN_2023_bronce.png 200w, https:\/\/aaspirits.com\/wp-content\/uploads\/2024\/07\/Craft_Spirits_Berlin_AAGIN_2023_bronce-150x150.png 150w, https:\/\/aaspirits.com\/wp-content\/uploads\/2024\/07\/Craft_Spirits_Berlin_AAGIN_2023_bronce-100x100.png 100w\" sizes=\"auto, (max-width: 100px) 100vw, 100px\" \/><\/a><a href=\"https:\/\/aaspirits.com\/wp-content\/uploads\/2024\/07\/SFWS_2024_gold.png\">\u00a0 \u00a0 \u00a0<\/a><a href=\"https:\/\/thetastingalliance.com\/results\/2024-san-francisco-world-spirits-competition-results\/\" target=\"_blank\" rel=\"noopener\"><img loading=\"lazy\" decoding=\"async\" class=\"alignnone wp-image-6748\" src=\"https:\/\/aaspirits.com\/wp-content\/uploads\/2024\/07\/SFWS_2024_gold.png\" alt=\"\" width=\"100\" height=\"100\" srcset=\"https:\/\/aaspirits.com\/wp-content\/uploads\/2024\/07\/SFWS_2024_gold.png 200w, https:\/\/aaspirits.com\/wp-content\/uploads\/2024\/07\/SFWS_2024_gold-150x150.png 150w, https:\/\/aaspirits.com\/wp-content\/uploads\/2024\/07\/SFWS_2024_gold-100x100.png 100w\" sizes=\"auto, (max-width: 100px) 100vw, 100px\" \/><\/a><\/p>\n<p>&nbsp;<\/p>\n","protected":false},"featured_media":7306,"comment_status":"open","ping_status":"closed","template":"","meta":{"_et_pb_use_builder":"on","_et_pb_old_content":"AAGIN Dry Gin est un London Dry GIN classique dans un coffret cadeau.\r\nDe la vision d'inspirer les sens et l'esprit et de l'union distill\u00e9e de la passion, de l'exp\u00e9rience et de la tradition est n\u00e9e l'id\u00e9e de ce GIN finement fruit\u00e9 dans la chaufferie construite en 1908 de l'ancienne usine de papier de luxe Albrecht &amp; Meister dans l'Aroser Allee (AA) \u00e0 Berlin. Klaus Hagmann, expert en distillats de haut niveau et amateur passionn\u00e9 de gin, ont ainsi affin\u00e9 une portion extra-large de baies de geni\u00e8vre avec une recette top-secr\u00e8te de botaniques s\u00e9lectionn\u00e9s pour en faire une essence unique.\r\nAAGIN Dry Gin est un gin produit selon le proc\u00e9d\u00e9 classique London Dry GIN. Les botaniques sont alors distill\u00e9s en grande quantit\u00e9, lentement et d\u00e9licatement, dans une vessie en cuivre martel\u00e9e \u00e0 la main de 150 litres. L'abondance d'ar\u00f4mes et la cors\u00e9 peuvent \u00eatre clairement ressenties d\u00e8s que vous le sentez et le go\u00fbtez.\r\nGr\u00e2ce \u00e0 l'ajout d'une portion extra importante de baies de geni\u00e8vre, l'AAGIN (Call me [e\u0131d\u021d\u0131n]) a un go\u00fbt accentu\u00e9 par le geni\u00e8vre. Le gingembre et la cardamome lui donnent du piquant, le cassis et le pamplemousse lui conf\u00e8rent un go\u00fbt fruit\u00e9 et complexe avec de fines nuances d'agrumes.\r\nAAGIN EST UN HOMMAGE \u00c0 LA SOMPTUEUSE BELLE \u00c9POQUE BERLINOISE. UN D\u00c9LICE PUR.\r\nBouquet fruit\u00e9 intense.\r\nLe grand art du gin berlinois pour les palais raffin\u00e9s.\r\nPlusieurs fois r\u00e9compens\u00e9 par une m\u00e9daille d'OR.\r\n\r\nD\u00e9cerner:\r\n2020 \u2013 GOLD \u2013 Meininger\u00b4s International Spirits Award\r\n2021 \u2013 GOLD \u2013 Meininger\u00b4s International Spirits Award\r\n2021 \u2013 GOLD \u2013 European Spirits Challenge\r\n2021 \u2013 GOLD \u2013 Women International Trophy\r\n2022 \u2013 SILBER \u2013 London Spirits Competition\r\n2023 \u2013 excellent \u2013 91 points - Falstaff Spirits Special\r\n2023 \u2013 BRONCE \u2013 Craft Spirits Berlin Awards\r\n2024 \u2013 GOLD \u2013 San Francisco World Spirits Competition","_et_gb_content_width":""},"product_brand":[],"product_cat":[115],"product_tag":[],"class_list":{"0":"post-3728","1":"product","2":"type-product","3":"status-publish","4":"has-post-thumbnail","6":"product_cat-gin-fr","8":"first","9":"instock","10":"taxable","11":"shipping-taxable","12":"purchasable","13":"product-type-simple"},"_links":{"self":[{"href":"https:\/\/aaspirits.com\/fr\/wp-json\/wp\/v2\/product\/3728","targetHints":{"allow":["GET"]}}],"collection":[{"href":"https:\/\/aaspirits.com\/fr\/wp-json\/wp\/v2\/product"}],"about":[{"href":"https:\/\/aaspirits.com\/fr\/wp-json\/wp\/v2\/types\/product"}],"replies":[{"embeddable":true,"href":"https:\/\/aaspirits.com\/fr\/wp-json\/wp\/v2\/comments?post=3728"}],"wp:featuredmedia":[{"embeddable":true,"href":"https:\/\/aaspirits.com\/fr\/wp-json\/wp\/v2\/media\/7306"}],"wp:attachment":[{"href":"https:\/\/aaspirits.com\/fr\/wp-json\/wp\/v2\/media?parent=3728"}],"wp:term":[{"taxonomy":"product_brand","embeddable":true,"href":"https:\/\/aaspirits.com\/fr\/wp-json\/wp\/v2\/product_brand?post=3728"},{"taxonomy":"product_cat","embeddable":true,"href":"https:\/\/aaspirits.com\/fr\/wp-json\/wp\/v2\/product_cat?post=3728"},{"taxonomy":"product_tag","embeddable":true,"href":"https:\/\/aaspirits.com\/fr\/wp-json\/wp\/v2\/product_tag?post=3728"}],"curies":[{"name":"wp","href":"https:\/\/api.w.org\/{rel}","templated":true}]}}