{"id":977,"date":"2021-09-06T13:31:09","date_gmt":"2021-09-06T13:31:09","guid":{"rendered":"https:\/\/aagin.com\/conditions-de-livraison-et-de-paiement\/"},"modified":"2021-09-06T13:31:28","modified_gmt":"2021-09-06T13:31:28","slug":"conditions-de-livraison-et-de-paiement","status":"publish","type":"page","link":"https:\/\/aaspirits.com\/fr\/conditions-de-livraison-et-de-paiement\/","title":{"rendered":"CONDITIONS DE LIVRAISON ET DE PAIEMENT"},"content":{"rendered":"<p>[et_pb_section fb_built=\u00a0\u00bb1&Prime; _builder_version=\u00a0\u00bb4.9.11&Prime; _module_preset=\u00a0\u00bbdefault\u00a0\u00bb background_color=\u00a0\u00bb#000000&Prime; global_colors_info=\u00a0\u00bb{}\u00a0\u00bb][et_pb_row admin_label=\u00a0\u00bbZeile\u00a0\u00bb _builder_version=\u00a0\u00bb4.10.4&Prime; _module_preset=\u00a0\u00bbdefault\u00a0\u00bb custom_padding=\u00a0\u00bb139px|||||\u00a0\u00bb global_colors_info=\u00a0\u00bb{}\u00a0\u00bb][et_pb_column type=\u00a0\u00bb4_4&Prime; _builder_version=\u00a0\u00bb4.10.4&Prime; _module_preset=\u00a0\u00bbdefault\u00a0\u00bb global_colors_info=\u00a0\u00bb{}\u00a0\u00bb][et_pb_text _builder_version=\u00a0\u00bb4.10.4&Prime; _module_preset=\u00a0\u00bbdefault\u00a0\u00bb header_2_font=\u00a0\u00bbOswald||||||||\u00a0\u00bb header_2_font_size=\u00a0\u00bb41px\u00a0\u00bb header_2_letter_spacing=\u00a0\u00bb1px\u00a0\u00bb header_3_font=\u00a0\u00bbLibre Franklin||||||||\u00a0\u00bb header_3_text_color=\u00a0\u00bb#FFFFFF\u00a0\u00bb header_3_font_size=\u00a0\u00bb15px\u00a0\u00bb global_colors_info=\u00a0\u00bb{}\u00a0\u00bb]<\/p>\n<h3>AAGIN BOUTIQUE EN LIGNE<\/h3>\n<h2>CONDITIONS DE LIVRAISON ET DE PAIEMENT<\/h2>\n<p>[\/et_pb_text][\/et_pb_column][\/et_pb_row][et_pb_row column_structure=\u00a0\u00bb1_2,1_2&Prime; _builder_version=\u00a0\u00bb4.10.4&Prime; _module_preset=\u00a0\u00bbdefault\u00a0\u00bb background_enable_image=\u00a0\u00bboff\u00a0\u00bb background_size=\u00a0\u00bbcontain\u00a0\u00bb background_position=\u00a0\u00bbcenter_left\u00a0\u00bb min_height=\u00a0\u00bb526.3px\u00a0\u00bb custom_padding=\u00a0\u00bb118px||0px|||\u00a0\u00bb global_colors_info=\u00a0\u00bb{}\u00a0\u00bb][et_pb_column type=\u00a0\u00bb1_2&Prime; _builder_version=\u00a0\u00bb4.10.4&Prime; _module_preset=\u00a0\u00bbdefault\u00a0\u00bb custom_padding=\u00a0\u00bb||||false|false\u00a0\u00bb global_colors_info=\u00a0\u00bb{}\u00a0\u00bb][et_pb_menu menu_id=\u00a0\u00bb22&Prime; submenu_direction=\u00a0\u00bbupwards\u00a0\u00bb active_link_color=\u00a0\u00bb#b1a354&Prime; _builder_version=\u00a0\u00bb4.10.5&Prime; _module_preset=\u00a0\u00bbdefault\u00a0\u00bb menu_letter_spacing=\u00a0\u00bb1px\u00a0\u00bb menu_line_height=\u00a0\u00bb1.6em\u00a0\u00bb background_color=\u00a0\u00bb#000000&Prime; background_layout=\u00a0\u00bbdark\u00a0\u00bb width=\u00a0\u00bb100%\u00a0\u00bb max_width=\u00a0\u00bb0%\u00a0\u00bb module_alignment=\u00a0\u00bbleft\u00a0\u00bb global_colors_info=\u00a0\u00bb{}\u00a0\u00bb][\/et_pb_menu][\/et_pb_column][et_pb_column type=\u00a0\u00bb1_2&Prime; _builder_version=\u00a0\u00bb4.10.4&Prime; _module_preset=\u00a0\u00bbdefault\u00a0\u00bb global_colors_info=\u00a0\u00bb{}\u00a0\u00bb][et_pb_text _builder_version=\u00a0\u00bb4.10.4&Prime; text_font=\u00a0\u00bbLibre Franklin||||||||\u00a0\u00bb text_text_color=\u00a0\u00bb#FFFFFF\u00a0\u00bb text_font_size=\u00a0\u00bb16px\u00a0\u00bb header_font=\u00a0\u00bbOswald||||||||\u00a0\u00bb header_text_color=\u00a0\u00bb#FFFFFF\u00a0\u00bb header_font_size=\u00a0\u00bb13px\u00a0\u00bb header_2_font=\u00a0\u00bbOswald||||||||\u00a0\u00bb header_2_text_color=\u00a0\u00bb#FFFFFF\u00a0\u00bb header_2_font_size=\u00a0\u00bb3vw\u00a0\u00bb header_2_line_height=\u00a0\u00bb1.2em\u00a0\u00bb header_3_font=\u00a0\u00bb|700||on|||||\u00a0\u00bb header_3_font_size=\u00a0\u00bb14px\u00a0\u00bb header_3_letter_spacing=\u00a0\u00bb2px\u00a0\u00bb header_3_line_height=\u00a0\u00bb1.2em\u00a0\u00bb header_6_font=\u00a0\u00bb|700||on|||||\u00a0\u00bb header_6_text_color=\u00a0\u00bb#ffcf9a\u00a0\u00bb header_6_letter_spacing=\u00a0\u00bb2px\u00a0\u00bb header_6_line_height=\u00a0\u00bb1.2em\u00a0\u00bb width=\u00a0\u00bb190%\u00a0\u00bb max_width=\u00a0\u00bb143%\u00a0\u00bb custom_margin=\u00a0\u00bb|||-301px||\u00a0\u00bb custom_padding=\u00a0\u00bb|0px||0px||\u00a0\u00bb header_2_font_size_tablet=\u00a0\u00bb80px\u00a0\u00bb header_2_font_size_phone=\u00a0\u00bb40px\u00a0\u00bb header_2_font_size_last_edited=\u00a0\u00bbon|phone\u00a0\u00bb locked=\u00a0\u00bboff\u00a0\u00bb global_colors_info=\u00a0\u00bb{}\u00a0\u00bb]<\/p>\n<p><strong>Allemagne<br \/><\/strong>Nous facturons un f<strong>orfait de 5,90 \u20ac pour l&rsquo;exp\u00e9dition de la marchandise en Allemagne<\/strong> (hors \u00eeles, voir ci-dessous), quel que soit le nombre de colis. <strong>A partir de 100,00 \u20ac nous livrons gratuitement<\/strong> (ne s&rsquo;applique pas aux \u00eeles, voir ci-dessous)<strong>.<\/strong> <\/p>\n<p><strong>L&rsquo;exp\u00e9dition standard<\/strong> a lieu avec notre fournisseur de services de colis <strong>UPS<\/strong>. <\/p>\n<p class=\"p1\">Nous ne livrons pas aux <strong>stations d&#8217;emballage<\/strong> pour les raisons suivantes :<br \/>L&rsquo;exp\u00e9dition se fait via UPS. Au-del\u00e0 d&rsquo;un certain nombre, les colis sont trop volumineux pour la Packstation et seraient alors automatiquement r\u00e9achemin\u00e9s vers un bureau de poste. De plus, les stations de conditionnement DHL n&rsquo;offrent pas des conditions de stockage optimales pour les vins lorsqu&rsquo;il fait tr\u00e8s chaud\/froid.<\/p>\n<p><strong>Le fret insulaire pour les \u00eeles allemandes n&rsquo;est pas inclus.<br \/><\/strong><br \/>d&rsquo;un montant de <strong>19,90 \u20ac<\/strong> :<br \/>Hiddensee: 18565, Nordfries. Inseln: 25849, 25859, 25863, 25869, 25938, 25946, 25980, 25992, 25996-25999, Ostfries. Inseln: 26465, 26474, 26486, 26548, 26571, 26579, 26757, Helgoland: 27498, Neuwerk: 27499, Chiemsee: 83256<\/p>\n<p><strong><br \/>INFORMATIONS G\u00c9N\u00c9RALES SUR L&rsquo;EXP\u00c9DITION ET LES D\u00c9LAIS DE LIVRAISON<\/strong><\/p>\n<p><strong> <\/strong><\/p>\n<p>La livraison des marchandises command\u00e9es a lieu dans le d\u00e9lai de livraison sp\u00e9cifi\u00e9 (pas de livraison le samedi) apr\u00e8s r\u00e9ception du paiement. En cas d&rsquo;achat sur facture et de moyen de paiement direct (carte bancaire, virement instantan\u00e9, PayPal, Giropay), la r\u00e9ception du paiement est r\u00e9put\u00e9e avoir eu lieu imm\u00e9diatement. Si vous choisissez de payer \u00e0 l&rsquo;avance, nous vous en informerons par e-mail imm\u00e9diatement apr\u00e8s r\u00e9ception du paiement, afin que le d\u00e9lai de livraison commence \u00e0 courir \u00e0 partir de ce moment. Si le dernier jour du d\u00e9lai tombe un samedi, un dimanche ou un jour f\u00e9ri\u00e9 reconnu par l&rsquo;Etat du lieu de livraison, le jour ouvr\u00e9 suivant tiendra lieu de ce jour.<\/p>\n<p><strong>PI\u00c8CES JUSTIFICATIVES<\/strong><\/p>\n<p><strong>Shopping \/ ch\u00e8ques cadeaux<\/strong> : Livraison gratuite car il n&rsquo;y a pas d&rsquo;envoi postal. Apr\u00e8s avoir pass\u00e9 votre commande, vous recevrez un PDF avec le bon par e-mail \u00e0 imprimer vous-m\u00eame.<\/p>\n<p><strong>Conform\u00e9ment \u00e0 la Loi sur la protection de la jeunesse, nous livrons uniquement aux personnes de plus de 18 ans.<\/strong><\/p>\n<p>Afin de vous offrir la plus grande flexibilit\u00e9 dans le choix du moyen de paiement, de nombreuses options s&rsquo;offrent \u00e0 vous dans la boutique en ligne AAGIN pour r\u00e9gler votre achat.<\/p>\n<p><strong>Nous ne facturons pas de frais suppl\u00e9mentaires pour aucun des modes de paiement que nous proposons !<\/strong><\/p>\n<p>Si vous avez des questions sur nos modes de paiement ou toute autre suggestion ou demande, vous pouvez nous contacter ici en utilisant l<strong>e formulaire de contact<\/strong><strong>.<\/strong><\/p>\n<p><strong> <\/strong><\/p>\n<p>&nbsp;<\/p>\n<p>Qu&rsquo;est-ce que PayPal?<\/p>\n<p>PayPal est le service de paiement en ligne avec lequel vous pouvez payer en toute s\u00e9curit\u00e9, facilement et rapidement &#8211; et le compte PayPal ne vous co\u00fbte rien.<\/p>\n<p>Vos coordonn\u00e9es bancaires ou de carte de cr\u00e9dit ne sont stock\u00e9es qu&rsquo;avec PayPal. C&rsquo;est pourquoi ils ne sont pas envoy\u00e9s sur Internet \u00e0 chaque fois que vous effectuez des achats en ligne, ce qui rend les paiements PayPal encore plus s\u00e9curis\u00e9s. Vous pouvez \u00e9galement payer facilement en deux clics. Parce que vous acc\u00e9dez \u00e0 vos coordonn\u00e9es bancaires ou de carte de cr\u00e9dit stock\u00e9es avec PayPal au lieu de les saisir \u00e0 nouveau \u00e0 chaque achat. De plus, vos marchandises arrivent g\u00e9n\u00e9ralement plus t\u00f4t car les paiements PayPal arrivent rapidement. Le vendeur peut alors envoyer les marchandises imm\u00e9diatement et vous les recevrez g\u00e9n\u00e9ralement plus t\u00f4t.<\/p>\n<p>\u00c0 propos : PayPal jouit d&rsquo;une grande confiance parmi les acheteurs et les vendeurs. Un acheteur en ligne sur trois en Allemagne poss\u00e8de d\u00e9j\u00e0 un compte PayPal et il existe plus de 175 millions de comptes dans 190 pays \u00e0 travers le monde.<\/p>\n<p>Ouvrez un compte PayPal gratuit et associez-le \u00e0 votre compte bancaire ou \u00e0 votre carte de cr\u00e9dit &#8211; cela facilitera encore plus votre prochain achat chez nous.<\/p>\n<p><strong>Le paiement par PayPal appara\u00eet sur la confirmation de commande et sur la facture sous la mention \u00ab\u00a0PayPal Plus\u00a0\u00bb.<\/strong><\/p>\n<p>Vous pouvez trouver plus d&rsquo;informations sur PayPal sur <strong><a title=\"PayPal\" href=\"http:\/\/www.paypal.de\/\" target=\"_blank\" rel=\"nofollow noopener\">www.paypal.de<\/a><\/strong>.<\/p>\n<p>&nbsp;<\/p>\n<p>&nbsp;<\/p>\n<p><strong>Carte de cr\u00e9dit<\/strong><\/p>\n<p>Payez facilement par carte de cr\u00e9dit (Mastercard, Visa et American Express). Malheureusement, nous ne pouvons pas accepter les cartes de d\u00e9bit.<\/p>\n<p>Le paiement est trait\u00e9 par notre prestataire de services de paiement PayPal. Le service pour cela s&rsquo;appelle PayPal Plus. Vous n&rsquo;avez pas besoin d&rsquo;un compte PayPal pour cela !<\/p>\n<p><strong>Le paiement par carte bancaire appara\u00eet sur la confirmation de commande et sur la facture sous la mention \u00ab\u00a0PayPal Plus\u00a0\u00bb.<\/strong><\/p>\n<p>&#8211; Paiement rapide et direct avec votre mode de paiement pr\u00e9f\u00e9r\u00e9<br \/>&#8211; Pas de proc\u00e9dure d&rsquo;inscription<br \/>&#8211; Transaction s\u00e9curis\u00e9e en environnement SSL<\/p>\n<p>Si votre carte de cr\u00e9dit fait partie du programme \u00ab Verified by Visa \u00bb ou \u00ab MasterCard SecureCode \u00bb, veuillez vous munir du mot de passe pr\u00e9c\u00e9demment choisi. <\/p>\n<p>Si vous payez avec une carte Visa ou MasterCard et que vous n&rsquo;\u00eates pas encore inscrit \u00e0 la proc\u00e9dure, vous en serez inform\u00e9 lors de la proc\u00e9dure de paiement et devrez peut-\u00eatre vous inscrire une fois pour cette m\u00e9thode s\u00e9curis\u00e9e. Verified by Visa ou MasterCard Secure Code prot\u00e8ge vos donn\u00e9es de titulaire de carte avec un mot de passe et un message de s\u00e9curit\u00e9 personnel. Vous pouvez trouver plus d&rsquo;informations <strong><a title=\"Verified by Visa\" href=\"http:\/\/www.visa.de\/de\/sicher_mit_visa\/sicher_online_mit_verified_by.aspx\" target=\"_blank\" rel=\"nofollow noopener\">\u00bbici sur le site Web de VISA<\/a><\/strong> ou\u00bb i<strong><a title=\"MasterCard Secure Code\" href=\"http:\/\/www.mastercard.com\/de\/privatkunden\/products\/products_securecode.html\" target=\"_blank\" rel=\"nofollow noopener\">ci sur le site Web de MasterCard<\/a><\/strong>.<\/p>\n<p><strong><br \/>Encaissement par pr\u00e9l\u00e8vement<\/strong><\/p>\n<p>Faites d\u00e9biter le montant de la facture de votre compte bancaire facilement et confortablement. Le paiement est trait\u00e9 par notre prestataire de services de paiement PayPal. Le service pour cela s&rsquo;appelle PayPal Plus. Vous n&rsquo;avez pas besoin d&rsquo;un compte PayPal pour cela !<\/p>\n<p><strong>Le paiement par pr\u00e9l\u00e8vement figure sur la confirmation de commande et sur la facture sous la mention \u00ab PayPal Plus \u00bb.<\/strong><\/p>\n<p><strong>Paiement \u00e0 l&rsquo;avance<\/strong><\/p>\n<p>&nbsp;<\/p>\n<p>Vous commandez et transf\u00e9rez le montant de la facture sur le compte indiqu\u00e9. D\u00e8s que nous apprenons que votre virement a \u00e9t\u00e9 re\u00e7u, nous livrerons votre commande. Veuillez noter que les virements n\u00e9cessitent 1 \u00e0 3 jours ouvrables bancaires plus un jour ouvrable suppl\u00e9mentaire pour les r\u00e9servations internes.<\/p>\n<p><strong>Bons de r\u00e9duction<\/strong><\/p>\n<p>Si vous avez re\u00e7u un code promo de l&rsquo;une de nos promotions ou de l&rsquo;un de nos partenaires, veuillez saisir le code lors de la premi\u00e8re \u00e9tape du processus de commande (\u00ab\u00a0votre panier\u00a0\u00bb) dans le champ \u00ab\u00a0Num\u00e9ro du bon\u00a0\u00bb et cliquez sur le petit fl\u00e8che juste \u00e0 c\u00f4t\u00e9. La remise correspondante sera alors d\u00e9duite dans le panier. Un seul bon peut \u00eatre utilis\u00e9 par commande.<\/p>\n<p>[\/et_pb_text][\/et_pb_column][\/et_pb_row][\/et_pb_section][et_pb_section fb_built=\u00a0\u00bb1&Prime; _builder_version=\u00a0\u00bb4.10.6&Prime; _module_preset=\u00a0\u00bbdefault\u00a0\u00bb background_color=\u00a0\u00bb#000000&Prime; use_background_color_gradient=\u00a0\u00bbon\u00a0\u00bb background_color_gradient_start=\u00a0\u00bb#000000&Prime; background_color_gradient_end=\u00a0\u00bb#000000&Prime; width=\u00a0\u00bb100%\u00a0\u00bb global_colors_info=\u00a0\u00bb{}\u00a0\u00bb][et_pb_row column_structure=\u00a0\u00bb1_4,1_4,1_4,1_4&Prime; _builder_version=\u00a0\u00bb4.10.6&Prime; _module_preset=\u00a0\u00bbdefault\u00a0\u00bb width=\u00a0\u00bb100%\u00a0\u00bb max_width=\u00a0\u00bb1434px\u00a0\u00bb max_width_tablet=\u00a0\u00bb88%\u00a0\u00bb max_width_phone=\u00a0\u00bb76%\u00a0\u00bb max_width_last_edited=\u00a0\u00bbon|phone\u00a0\u00bb module_alignment_tablet=\u00a0\u00bb\u00a0\u00bb module_alignment_phone=\u00a0\u00bb\u00a0\u00bb module_alignment_last_edited=\u00a0\u00bbon|phone\u00a0\u00bb global_colors_info=\u00a0\u00bb{}\u00a0\u00bb custom_padding=\u00a0\u00bb99px|||||\u00a0\u00bb][et_pb_column type=\u00a0\u00bb1_4&Prime; _builder_version=\u00a0\u00bb4.10.6&Prime; _module_preset=\u00a0\u00bbdefault\u00a0\u00bb global_colors_info=\u00a0\u00bb{}\u00a0\u00bb][et_pb_text _builder_version=\u00a0\u00bb4.10.6&Prime; _module_preset=\u00a0\u00bbdefault\u00a0\u00bb text_font=\u00a0\u00bbOswald||||||||\u00a0\u00bb text_text_color=\u00a0\u00bb#b09b62&Prime; text_font_size=\u00a0\u00bb19px\u00a0\u00bb global_colors_info=\u00a0\u00bb{}\u00a0\u00bb]<\/p>\n<p>SERVICE-HOTLINE<\/p>\n<p>[\/et_pb_text][et_pb_blurb title=\u00a0\u00bb+49 30 814571900&Prime; use_icon=\u00a0\u00bbon\u00a0\u00bb font_icon=\u00a0\u00bb%%264%%\u00a0\u00bb icon_placement=\u00a0\u00bbleft\u00a0\u00bb content_max_width=\u00a0\u00bb1100px\u00a0\u00bb use_icon_font_size=\u00a0\u00bbon\u00a0\u00bb icon_font_size=\u00a0\u00bb39px\u00a0\u00bb _builder_version=\u00a0\u00bb4.10.6&Prime; _module_preset=\u00a0\u00bbdefault\u00a0\u00bb header_font=\u00a0\u00bbOswald||||||||\u00a0\u00bb header_font_size=\u00a0\u00bb29px\u00a0\u00bb body_font=\u00a0\u00bbLibre Franklin||||||||\u00a0\u00bb body_text_color=\u00a0\u00bb#757575&Prime; background_layout=\u00a0\u00bbdark\u00a0\u00bb global_colors_info=\u00a0\u00bb{}\u00a0\u00bb]<\/p>\n<p>Lun-Jeu. 10h00 \u00e0 12h00<br \/>et de 13h \u00e0 16h<\/p>\n<p>[\/et_pb_blurb][\/et_pb_column][et_pb_column type=\u00a0\u00bb1_4&Prime; _builder_version=\u00a0\u00bb4.10.6&Prime; _module_preset=\u00a0\u00bbdefault\u00a0\u00bb global_colors_info=\u00a0\u00bb{}\u00a0\u00bb][et_pb_text _builder_version=\u00a0\u00bb4.10.6&Prime; _module_preset=\u00a0\u00bbdefault\u00a0\u00bb text_font=\u00a0\u00bbOswald||||||||\u00a0\u00bb text_text_color=\u00a0\u00bb#b09b62&Prime; text_font_size=\u00a0\u00bb19px\u00a0\u00bb global_colors_info=\u00a0\u00bb{}\u00a0\u00bb]<\/p>\n<p>SHOP-SERVICE<\/p>\n<p>[\/et_pb_text][et_pb_menu menu_id=\u00a0\u00bbnone\u00a0\u00bb active_link_color=\u00a0\u00bb#757575&Prime; _builder_version=\u00a0\u00bb4.10.6&Prime; _module_preset=\u00a0\u00bbdefault\u00a0\u00bb menu_font=\u00a0\u00bbLibre Franklin||||||||\u00a0\u00bb menu_text_color=\u00a0\u00bb#757575&Prime; menu_line_height=\u00a0\u00bb1.1em\u00a0\u00bb background_color=\u00a0\u00bb#000000&Prime; background_layout=\u00a0\u00bbdark\u00a0\u00bb width=\u00a0\u00bb28%\u00a0\u00bb max_width=\u00a0\u00bb31%\u00a0\u00bb module_alignment=\u00a0\u00bbleft\u00a0\u00bb global_colors_info=\u00a0\u00bb{}\u00a0\u00bb][\/et_pb_menu][\/et_pb_column][et_pb_column type=\u00a0\u00bb1_4&Prime; _builder_version=\u00a0\u00bb4.10.6&Prime; _module_preset=\u00a0\u00bbdefault\u00a0\u00bb global_colors_info=\u00a0\u00bb{}\u00a0\u00bb][et_pb_text _builder_version=\u00a0\u00bb4.10.6&Prime; _module_preset=\u00a0\u00bbdefault\u00a0\u00bb text_font=\u00a0\u00bbOswald||||||||\u00a0\u00bb text_text_color=\u00a0\u00bb#b09b62&Prime; text_font_size=\u00a0\u00bb19px\u00a0\u00bb global_colors_info=\u00a0\u00bb{}\u00a0\u00bb]<\/p>\n<p>SOCIALS<\/p>\n<p>[\/et_pb_text][et_pb_social_media_follow _builder_version=\u00a0\u00bb4.10.6&Prime; _module_preset=\u00a0\u00bbdefault\u00a0\u00bb global_colors_info=\u00a0\u00bb{}\u00a0\u00bb][et_pb_social_media_follow_network social_network=\u00a0\u00bbfacebook\u00a0\u00bb url=\u00a0\u00bbhttps:\/\/www.facebook.com\/aagin.berlin\u00a0\u00bb _builder_version=\u00a0\u00bb4.10.6&Prime; _module_preset=\u00a0\u00bbdefault\u00a0\u00bb background_color=\u00a0\u00bb#757575&Prime; background_enable_color=\u00a0\u00bbon\u00a0\u00bb global_colors_info=\u00a0\u00bb{}\u00a0\u00bb follow_button=\u00a0\u00bboff\u00a0\u00bb url_new_window=\u00a0\u00bbon\u00a0\u00bb]facebook[\/et_pb_social_media_follow_network][et_pb_social_media_follow_network social_network=\u00a0\u00bbinstagram\u00a0\u00bb url=\u00a0\u00bbhttps:\/\/www.instagram.com\/aaginberlin\/\u00a0\u00bb icon_color=\u00a0\u00bb#ffffff\u00a0\u00bb _builder_version=\u00a0\u00bb4.10.6&Prime; _module_preset=\u00a0\u00bbdefault\u00a0\u00bb background_color=\u00a0\u00bb#757575&Prime; background_enable_color=\u00a0\u00bbon\u00a0\u00bb global_colors_info=\u00a0\u00bb{}\u00a0\u00bb follow_button=\u00a0\u00bboff\u00a0\u00bb url_new_window=\u00a0\u00bbon\u00a0\u00bb]instagram[\/et_pb_social_media_follow_network][\/et_pb_social_media_follow][\/et_pb_column][et_pb_column type=\u00a0\u00bb1_4&Prime; _builder_version=\u00a0\u00bb4.10.6&Prime; _module_preset=\u00a0\u00bbdefault\u00a0\u00bb global_colors_info=\u00a0\u00bb{}\u00a0\u00bb][et_pb_text _builder_version=\u00a0\u00bb4.10.6&Prime; _module_preset=\u00a0\u00bbdefault\u00a0\u00bb text_font=\u00a0\u00bbOswald||||||||\u00a0\u00bb text_text_color=\u00a0\u00bb#b09b62&Prime; text_font_size=\u00a0\u00bb19px\u00a0\u00bb global_colors_info=\u00a0\u00bb{}\u00a0\u00bb]<\/p>\n<p>NEWSLETTER<\/p>\n<p>[\/et_pb_text][et_pb_signup mailchimp_list=\u00a0\u00bbAAGIN eine Marke der Weindimensional|ee09b057bd\u00a0\u00bb first_name_field=\u00a0\u00bboff\u00a0\u00bb last_name_field=\u00a0\u00bboff\u00a0\u00bb button_text=\u00a0\u00bbS&rsquo;inscrire\u00a0\u00bb _builder_version=\u00a0\u00bb4.10.6&Prime; _module_preset=\u00a0\u00bbdefault\u00a0\u00bb form_field_background_color=\u00a0\u00bb#000000&Prime; form_field_text_color=\u00a0\u00bb#FFFFFF\u00a0\u00bb form_field_focus_background_color=\u00a0\u00bb#000000&Prime; background_color=\u00a0\u00bbRGBA(0,0,0,0)\u00a0\u00bb custom_button=\u00a0\u00bbon\u00a0\u00bb button_text_size=\u00a0\u00bb17px\u00a0\u00bb button_text_color=\u00a0\u00bb#FFFFFF\u00a0\u00bb button_bg_color=\u00a0\u00bb#3f3f3f\u00a0\u00bb button_border_width=\u00a0\u00bb0px\u00a0\u00bb button_icon=\u00a0\u00bb%%153%%\u00a0\u00bb button_icon_color=\u00a0\u00bb#FFFFFF\u00a0\u00bb button_icon_placement=\u00a0\u00bbleft\u00a0\u00bb button_on_hover=\u00a0\u00bboff\u00a0\u00bb border_radii_fields=\u00a0\u00bbon|2px|2px|2px|2px\u00a0\u00bb border_width_all_fields=\u00a0\u00bb3px\u00a0\u00bb border_color_all_fields=\u00a0\u00bb#757575&Prime; global_colors_info=\u00a0\u00bb{}\u00a0\u00bb][\/et_pb_signup][\/et_pb_column][\/et_pb_row][\/et_pb_section]<\/p>\n","protected":false},"excerpt":{"rendered":"<p>AAGIN BOUTIQUE EN LIGNE CONDITIONS DE LIVRAISON ET DE PAIEMENTAllemagneNous facturons un forfait de 5,90 \u20ac pour l&rsquo;exp\u00e9dition de la marchandise en Allemagne (hors \u00eeles, voir ci-dessous), quel que soit le nombre de colis. A partir de 100,00 \u20ac nous livrons gratuitement (ne s&rsquo;applique pas aux \u00eeles, voir ci-dessous). L&rsquo;exp\u00e9dition standard a lieu avec notre [&hellip;]<\/p>\n","protected":false},"author":1,"featured_media":0,"parent":0,"menu_order":0,"comment_status":"closed","ping_status":"closed","template":"","meta":{"_et_pb_use_builder":"on","_et_pb_old_content":"","_et_gb_content_width":"","footnotes":""},"class_list":["post-977","page","type-page","status-publish","hentry"],"_links":{"self":[{"href":"https:\/\/aaspirits.com\/fr\/wp-json\/wp\/v2\/pages\/977","targetHints":{"allow":["GET"]}}],"collection":[{"href":"https:\/\/aaspirits.com\/fr\/wp-json\/wp\/v2\/pages"}],"about":[{"href":"https:\/\/aaspirits.com\/fr\/wp-json\/wp\/v2\/types\/page"}],"author":[{"embeddable":true,"href":"https:\/\/aaspirits.com\/fr\/wp-json\/wp\/v2\/users\/1"}],"replies":[{"embeddable":true,"href":"https:\/\/aaspirits.com\/fr\/wp-json\/wp\/v2\/comments?post=977"}],"version-history":[{"count":7,"href":"https:\/\/aaspirits.com\/fr\/wp-json\/wp\/v2\/pages\/977\/revisions"}],"predecessor-version":[{"id":986,"href":"https:\/\/aaspirits.com\/fr\/wp-json\/wp\/v2\/pages\/977\/revisions\/986"}],"wp:attachment":[{"href":"https:\/\/aaspirits.com\/fr\/wp-json\/wp\/v2\/media?parent=977"}],"curies":[{"name":"wp","href":"https:\/\/api.w.org\/{rel}","templated":true}]}}