{"id":846,"date":"2021-09-06T11:36:17","date_gmt":"2021-09-06T11:36:17","guid":{"rendered":"https:\/\/aagin.com\/protection-des-donnees\/"},"modified":"2021-09-06T11:36:19","modified_gmt":"2021-09-06T11:36:19","slug":"protection-des-donnees","status":"publish","type":"page","link":"https:\/\/aaspirits.com\/fr\/protection-des-donnees\/","title":{"rendered":"PROTECTION DES DONN\u00c9ES"},"content":{"rendered":"<p>[et_pb_section fb_built=\u00a0\u00bb1&Prime; _builder_version=\u00a0\u00bb4.9.11&Prime; _module_preset=\u00a0\u00bbdefault\u00a0\u00bb background_color=\u00a0\u00bb#000000&Prime; global_colors_info=\u00a0\u00bb{}\u00a0\u00bb][et_pb_row admin_label=\u00a0\u00bbZeile\u00a0\u00bb _builder_version=\u00a0\u00bb4.10.4&Prime; _module_preset=\u00a0\u00bbdefault\u00a0\u00bb custom_padding=\u00a0\u00bb139px|||||\u00a0\u00bb global_colors_info=\u00a0\u00bb{}\u00a0\u00bb][et_pb_column type=\u00a0\u00bb4_4&Prime; _builder_version=\u00a0\u00bb4.10.4&Prime; _module_preset=\u00a0\u00bbdefault\u00a0\u00bb global_colors_info=\u00a0\u00bb{}\u00a0\u00bb][et_pb_text _builder_version=\u00a0\u00bb4.10.4&Prime; _module_preset=\u00a0\u00bbdefault\u00a0\u00bb header_2_font=\u00a0\u00bbOswald||||||||\u00a0\u00bb header_2_font_size=\u00a0\u00bb41px\u00a0\u00bb header_2_letter_spacing=\u00a0\u00bb1px\u00a0\u00bb header_3_font=\u00a0\u00bbLibre Franklin||||||||\u00a0\u00bb header_3_text_color=\u00a0\u00bb#FFFFFF\u00a0\u00bb header_3_font_size=\u00a0\u00bb15px\u00a0\u00bb global_colors_info=\u00a0\u00bb{}\u00a0\u00bb]<\/p>\n<h3>AAGIN BOUTIQUE EN LIGNE<\/h3>\n<h2>PROTECTION DES DONN\u00c9ES<\/h2>\n<p>[\/et_pb_text][\/et_pb_column][\/et_pb_row][et_pb_row column_structure=\u00a0\u00bb1_2,1_2&Prime; _builder_version=\u00a0\u00bb4.10.4&Prime; _module_preset=\u00a0\u00bbdefault\u00a0\u00bb background_enable_image=\u00a0\u00bboff\u00a0\u00bb background_size=\u00a0\u00bbcontain\u00a0\u00bb background_position=\u00a0\u00bbcenter_left\u00a0\u00bb min_height=\u00a0\u00bb593.3px\u00a0\u00bb custom_padding=\u00a0\u00bb118px||0px|||\u00a0\u00bb global_colors_info=\u00a0\u00bb{}\u00a0\u00bb][et_pb_column type=\u00a0\u00bb1_2&Prime; _builder_version=\u00a0\u00bb4.10.4&Prime; _module_preset=\u00a0\u00bbdefault\u00a0\u00bb custom_padding=\u00a0\u00bb||||false|false\u00a0\u00bb global_colors_info=\u00a0\u00bb{}\u00a0\u00bb][et_pb_menu menu_id=\u00a0\u00bb22&Prime; submenu_direction=\u00a0\u00bbdownwards\u00a0\u00bb active_link_color=\u00a0\u00bb#b1a354&Prime; _builder_version=\u00a0\u00bb4.10.4&Prime; _module_preset=\u00a0\u00bbdefault\u00a0\u00bb menu_font_size=\u00a0\u00bb16px\u00a0\u00bb menu_letter_spacing=\u00a0\u00bb1px\u00a0\u00bb menu_line_height=\u00a0\u00bb1.6em\u00a0\u00bb background_color=\u00a0\u00bb#000000&Prime; background_layout=\u00a0\u00bbdark\u00a0\u00bb max_width=\u00a0\u00bb16%\u00a0\u00bb global_colors_info=\u00a0\u00bb{}\u00a0\u00bb][\/et_pb_menu][\/et_pb_column][et_pb_column type=\u00a0\u00bb1_2&Prime; _builder_version=\u00a0\u00bb4.10.4&Prime; _module_preset=\u00a0\u00bbdefault\u00a0\u00bb global_colors_info=\u00a0\u00bb{}\u00a0\u00bb][et_pb_text _builder_version=\u00a0\u00bb4.10.4&Prime; text_font=\u00a0\u00bbLibre Franklin||||||||\u00a0\u00bb text_text_color=\u00a0\u00bb#FFFFFF\u00a0\u00bb text_font_size=\u00a0\u00bb16px\u00a0\u00bb header_font=\u00a0\u00bbOswald||||||||\u00a0\u00bb header_text_color=\u00a0\u00bb#FFFFFF\u00a0\u00bb header_font_size=\u00a0\u00bb13px\u00a0\u00bb header_2_font=\u00a0\u00bbOswald||||||||\u00a0\u00bb header_2_text_color=\u00a0\u00bb#FFFFFF\u00a0\u00bb header_2_font_size=\u00a0\u00bb3vw\u00a0\u00bb header_2_line_height=\u00a0\u00bb1.2em\u00a0\u00bb header_3_font=\u00a0\u00bb|700||on|||||\u00a0\u00bb header_3_font_size=\u00a0\u00bb14px\u00a0\u00bb header_3_letter_spacing=\u00a0\u00bb2px\u00a0\u00bb header_3_line_height=\u00a0\u00bb1.2em\u00a0\u00bb header_6_font=\u00a0\u00bb|700||on|||||\u00a0\u00bb header_6_text_color=\u00a0\u00bb#ffcf9a\u00a0\u00bb header_6_letter_spacing=\u00a0\u00bb2px\u00a0\u00bb header_6_line_height=\u00a0\u00bb1.2em\u00a0\u00bb width=\u00a0\u00bb190%\u00a0\u00bb max_width=\u00a0\u00bb143%\u00a0\u00bb custom_margin=\u00a0\u00bb|||-301px||\u00a0\u00bb custom_padding=\u00a0\u00bb|0px||0px||\u00a0\u00bb header_2_font_size_tablet=\u00a0\u00bb80px\u00a0\u00bb header_2_font_size_phone=\u00a0\u00bb40px\u00a0\u00bb header_2_font_size_last_edited=\u00a0\u00bbon|phone\u00a0\u00bb locked=\u00a0\u00bboff\u00a0\u00bb global_colors_info=\u00a0\u00bb{}\u00a0\u00bb]<\/p>\n<h2><\/h2>\n<p>&nbsp;<\/p>\n<div class=\"elementor-column elementor-col-50 elementor-top-column elementor-element elementor-element-23d4115\" data-id=\"23d4115\" data-element_type=\"column\">\n<div class=\"elementor-column-wrap elementor-element-populated\">\n<div class=\"elementor-widget-wrap\">\n<div class=\"elementor-element elementor-element-df773a8 elementor-widget elementor-widget-text-editor\" data-id=\"df773a8\" data-element_type=\"widget\" data-widget_type=\"text-editor.default\">\n<div class=\"elementor-widget-container\">\n<div class=\"elementor-text-editor elementor-clearfix\">\n<div class=\"janolaw-paragraph\">\u00a7 1. G\u00e9n\u00e9ral<\/div>\n<div class=\"janolaw-text\">\n<p>Vos donn\u00e9es personnelles (par exemple titre, nom, adresse, adresse e-mail, num\u00e9ro de t\u00e9l\u00e9phone, coordonn\u00e9es bancaires, num\u00e9ro de carte de cr\u00e9dit) ne seront trait\u00e9es par nous que conform\u00e9ment aux dispositions de la loi allemande sur la protection des donn\u00e9es et de la loi sur la protection des donn\u00e9es de l&rsquo;Union europ\u00e9enne ( UE). Outre les finalit\u00e9s du traitement, les destinataires, les bases l\u00e9gales et les dur\u00e9es de conservation, les r\u00e9glementations suivantes vous informent \u00e9galement sur vos droits et sur le responsable de votre traitement de donn\u00e9es. Cette d\u00e9claration de protection des donn\u00e9es s&rsquo;applique uniquement \u00e0 nos sites Web. Si vous \u00eates redirig\u00e9 vers d&rsquo;autres pages via des liens sur nos pages, veuillez vous y informer du traitement respectif de vos donn\u00e9es.<\/p>\n<p>&nbsp;<\/p>\n<\/div>\n<div class=\"janolaw-paragraph\">\u00a7 2 traitement des donn\u00e9es pour ex\u00e9cuter le contrat<\/div>\n<div class=\"janolaw-text\">\n<p><strong>(1) Finalit\u00e9 du traitement<\/strong><\/p>\n<p>Vos donn\u00e9es personnelles, que vous nous fournissez lors du processus de commande, sont n\u00e9cessaires pour conclure un contrat avec nous. Vous n&rsquo;\u00eates pas oblig\u00e9 de fournir vos donn\u00e9es personnelles. Cependant, nous ne pouvons pas vous envoyer les marchandises sans donner votre adresse. Pour certains modes de paiement, nous avons besoin des donn\u00e9es de paiement n\u00e9cessaires afin de les transmettre \u00e0 un prestataire de services de paiement mandat\u00e9 par nous. Le traitement de vos donn\u00e9es saisies lors du processus de commande est donc effectu\u00e9 dans le but d&rsquo;ex\u00e9cuter le contrat.<\/p>\n<p>Si vous nous envoyez une demande par e-mail, via un formulaire de contact, etc. avant la conclusion du contrat, nous traiterons les donn\u00e9es ainsi re\u00e7ues pour effectuer des mesures pr\u00e9contractuelles et, par exemple, r\u00e9pondre \u00e0 vos questions sur nos produits .<\/p>\n<p><strong>(2) Base l\u00e9gale<\/strong><\/p>\n<p>La base l\u00e9gale de ce traitement est l&rsquo;article 6 Section. 1b) RGPD.<\/p>\n<p><strong>(3) Cat\u00e9gories de destinataires<\/strong><\/p>\n<p>Prestataires de paiement, prestataires de services d&rsquo;exp\u00e9dition, h\u00e9bergeurs, si n\u00e9cessaire syst\u00e8me de gestion des marchandises, si n\u00e9cessaire fournisseurs (dropshipping).<\/p>\n<p><strong>(4) P\u00e9riode de stockage<\/strong><\/p>\n<p>Nous conservons les donn\u00e9es n\u00e9cessaires au traitement du contrat jusqu&rsquo;\u00e0 l&rsquo;expiration des d\u00e9lais de garantie l\u00e9gale et, le cas \u00e9ch\u00e9ant, de garantie contractuelle.<\/p>\n<p>Nous conservons les donn\u00e9es requises par le droit commercial et fiscal pendant les p\u00e9riodes pr\u00e9vues par la loi, g\u00e9n\u00e9ralement dix ans (cf. \u00a7257 HGB, \u00a7147 AO).<\/p>\n<p>Les donn\u00e9es trait\u00e9es pour effectuer des mesures pr\u00e9contractuelles seront supprim\u00e9es d\u00e8s que les mesures auront \u00e9t\u00e9 effectu\u00e9es et qu&rsquo;un contrat n&rsquo;est manifestement pas conclu.<\/p>\n<p>&nbsp;<\/p>\n<\/div>\n<div class=\"janolaw-paragraph\">\u00a7 3 Op\u00e9rations PayPal<\/div>\n<div class=\"janolaw-text\">\n<p>Veuillez noter que toutes les transactions PayPal sont soumises \u00e0 la politique de confidentialit\u00e9 de PayPal :<\/p>\n<p><a title=\"https:\/\/www.paypal.com\/de\/webapps\/mpp\/ua\/privacy-full\" href=\"https:\/\/www.paypal.com\/de\/webapps\/mpp\/ua\/privacy-full\" target=\"_blank\" rel=\"noopener\">https:\/\/www.paypal.com\/de\/webapps\/mpp\/ua\/privacy-full<\/a><\/p>\n<p>&nbsp;<\/p>\n<\/div>\n<div class=\"janolaw-paragraph\">\u00a7 4 informations sur les cookies<\/div>\n<div class=\"janolaw-text\">\n<p><strong>(1) Finalit\u00e9 du traitement<\/strong><\/p>\n<p>Des cookies techniquement n\u00e9cessaires sont utilis\u00e9s sur ce site Web. Il s&rsquo;agit de petits fichiers texte qui sont stock\u00e9s dans ou par votre navigateur Internet sur votre syst\u00e8me informatique. Ces cookies permettent par exemple de placer plusieurs produits dans un panier.<\/p>\n<p><strong>(2) Base l\u00e9gale<\/strong><\/p>\n<p>La base l\u00e9gale de ce traitement est l&rsquo;article 6 Paragraphe 1f) RGPD.<\/p>\n<p><strong>(3) Int\u00e9r\u00eat l\u00e9gitime<\/strong><\/p>\n<p>Notre int\u00e9r\u00eat l\u00e9gitime est la fonctionnalit\u00e9 de notre site Web. Les donn\u00e9es d&rsquo;utilisateur collect\u00e9es par les cookies techniquement n\u00e9cessaires ne sont pas utilis\u00e9es pour cr\u00e9er des profils d&rsquo;utilisateurs. Cela garantit votre int\u00e9r\u00eat pour la protection des donn\u00e9es.<\/p>\n<p><strong>(4) P\u00e9riode de stockage<\/strong><\/p>\n<p>Les cookies techniquement n\u00e9cessaires sont g\u00e9n\u00e9ralement supprim\u00e9s \u00e0 la fermeture du navigateur. Les cookies stock\u00e9s de mani\u00e8re permanente ont des dur\u00e9es de vie diff\u00e9rentes de quelques minutes \u00e0 plusieurs ann\u00e9es.<\/p>\n<p><strong>(5) DROIT D&rsquo;OPPOSITION<\/strong><\/p>\n<p><strong>Si vous ne souhaitez pas que ces cookies soient stock\u00e9s, veuillez d\u00e9sactiver l&rsquo;acceptation de ces cookies dans votre navigateur Internet. Cependant, cela peut restreindre la fonctionnalit\u00e9 de notre site Web. Vous pouvez \u00e9galement supprimer \u00e0 tout moment les cookies stock\u00e9s de mani\u00e8re permanente via votre navigateur.<\/strong><\/p>\n<p>&nbsp;<\/p>\n<\/div>\n<div class=\"janolaw-paragraph\">\u00a7 5 bulletin<\/div>\n<div class=\"janolaw-text\">\n<p><strong>(1) Finalit\u00e9 du traitement<\/strong><\/p>\n<p>Lors de votre inscription \u00e0 la newsletter, votre adresse e-mail sera utilis\u00e9e \u00e0 des fins publicitaires, c&rsquo;est-\u00e0-dire que dans le cadre de la newsletter, nous vous informerons notamment sur les produits de notre gamme. \u00c0 des fins statistiques, nous pouvons \u00e9valuer quels liens sont cliqu\u00e9s dans la newsletter. Nous ne pouvons pas dire quelle personne sp\u00e9cifique a cliqu\u00e9. Vous avez donn\u00e9 le consentement suivant s\u00e9par\u00e9ment ou, le cas \u00e9ch\u00e9ant, express\u00e9ment lors du processus de commande : S&rsquo;inscrire \u00e0 la newsletter<\/p>\n<p><strong>(2) Base l\u00e9gale<\/strong><\/p>\n<p>La base l\u00e9gale de ce traitement est l&rsquo;article 6, al. 1 a) RGPD.<\/p>\n<p><strong>(3) Cat\u00e9gories de destinataires<\/strong><\/p>\n<p>Franz\u00f6sisch \u00e9ventuellement fournisseur d&rsquo;envoi de newsletter<\/p>\n<p><strong>(4) P\u00e9riode de stockage<\/strong><\/p>\n<p>Votre adresse e-mail ne sera conserv\u00e9e que pendant la dur\u00e9e de l&rsquo;inscription souhait\u00e9e pour l&rsquo;envoi de la newsletter.<\/p>\n<p><strong>(5) Droit de r\u00e9tractation<\/strong><\/p>\n<p>Vous pouvez r\u00e9voquer votre consentement \u00e0 tout moment avec effet pour l&rsquo;avenir. Si vous ne souhaitez plus recevoir la newsletter, vous pouvez vous d\u00e9sinscrire comme suit : Via un lien de d\u00e9sinscription dans la newsletter<\/p>\n<p>&nbsp;<\/p>\n<\/div>\n<div class=\"janolaw-paragraph\">\u00a7 6 vos droits en tant que personne concern\u00e9e<\/div>\n<div class=\"janolaw-text\">\n<p class=\"Paragraph\">Si vos donn\u00e9es personnelles sont trait\u00e9es, vous \u00eates une personne concern\u00e9e au sens du RGPD et vous disposez des droits suivants envers nous en tant que responsable :<\/p>\n<p class=\"Paragraph\">\n<p class=\"Paragraph\"><strong>1. Droit \u00e0 l&rsquo;information<\/strong><\/p>\n<p class=\"Paragraph\">Vous pouvez demander des informations sur vos donn\u00e9es personnelles que nous traitons dans le cadre de l&rsquo;article 15 du RGPD.<\/p>\n<p class=\"Paragraph\">\n<p class=\"Paragraph\"><strong>2. Droit de rectification<\/strong><\/p>\n<p class=\"Paragraph\">Si les informations vous concernant sont (plus) correctes, vous pouvez demander une rectification conform\u00e9ment \u00e0 l&rsquo;article 16 du RGPD. Si vos donn\u00e9es sont incompl\u00e8tes, vous pouvez demander qu&rsquo;elles soient compl\u00e9t\u00e9es.<\/p>\n<p class=\"Paragraph\">\n<p class=\"Paragraph\"><strong>3. Droit de r\u00e9tractation<\/strong><\/p>\n<p class=\"Paragraph\">Vous pouvez demander la suppression de vos donn\u00e9es personnelles dans les conditions de l&rsquo;article 17 du RGPD.<\/p>\n<p class=\"Paragraph\">\n<p class=\"Paragraph\"><strong>4. Droit \u00e0 la limitation du traitement<\/strong><\/p>\n<p class=\"Paragraph\">Dans le cadre des exigences de l&rsquo;article 18 du RGPD, vous avez le droit de demander que le traitement des donn\u00e9es vous concernant soit limit\u00e9.<\/p>\n<p class=\"Paragraph\">\n<p class=\"Paragraph\"><strong>5. Droit \u00e0 la portabilit\u00e9 des donn\u00e9es<\/strong><\/p>\n<p class=\"Paragraph\">Conform\u00e9ment \u00e0 l&rsquo;article 20 du RGPD, vous avez le droit de recevoir les donn\u00e9es personnelles vous concernant que vous nous avez fournies dans un format structur\u00e9, commun et lisible par machine ou de demander qu&rsquo;elles soient transmises \u00e0 une autre personne responsable.<\/p>\n<p class=\"Paragraph\">\n<p class=\"Paragraph\"><strong>6. Droit de r\u00e9voquer la d\u00e9claration de consentement en vertu de la loi sur la protection des donn\u00e9es<\/strong><\/p>\n<p class=\"Paragraph\">Conform\u00e9ment \u00e0 l&rsquo;article 7 par. 3 GDPR, vous avez le droit de r\u00e9voquer votre d\u00e9claration de consentement en vertu de la loi sur la protection des donn\u00e9es \u00e0 tout moment. Cela n&rsquo;affecte pas la l\u00e9galit\u00e9 du traitement effectu\u00e9 sur la base du consentement jusqu&rsquo;au point de r\u00e9vocation.<\/p>\n<p>&nbsp;<\/p>\n<p class=\"Paragraph\"><strong>7. Droit de porter plainte aupr\u00e8s d&rsquo;une autorit\u00e9 de contr\u00f4le<\/strong><\/p>\n<p class=\"Paragraph\">Si vous estimez que le traitement de vos donn\u00e9es personnelles enfreint le RGPD, vous avez le droit de d\u00e9poser une r\u00e9clamation aupr\u00e8s d&rsquo;une autorit\u00e9 de contr\u00f4le (notamment dans l&rsquo;\u00c9tat membre de votre lieu de r\u00e9sidence, de votre lieu de travail ou du lieu de la violation all\u00e9gu\u00e9e) conform\u00e9ment \u00e0 l&rsquo;article 77 du RGPD.<\/p>\n<p>&nbsp;<\/p>\n<p>&nbsp;<\/p>\n<p class=\"Paragraph\"><strong>Veuillez \u00e9galement noter votre droit d&rsquo;opposition conform\u00e9ment \u00e0 l&rsquo;article 21 du RGPD :<\/strong><\/p>\n<p class=\"Paragraph\">\n<p class=\"Paragraph\"><strong>a) G\u00e9n\u00e9ral : objection justifi\u00e9e requise<\/strong><\/p>\n<p class=\"Paragraph\"><strong>Si le traitement de vos donn\u00e9es personnelles a lieu <\/strong><\/p>\n<p class=\"Paragraph\"><strong>&#8211; pour sauvegarder notre int\u00e9r\u00eat l\u00e9gitime sup\u00e9rieur (base l\u00e9gale selon l&rsquo;art. 6 al. 1 f) RGPD) ou<\/strong><\/p>\n<p class=\"Paragraph\"><strong>&#8211; dans l&rsquo;int\u00e9r\u00eat public (base l\u00e9gale selon l&rsquo;art. 6 al. 1 e) RGPD), <\/strong><\/p>\n<p class=\"Paragraph\"><strong>vous avez le droit de vous opposer au traitement \u00e0 tout moment pour des raisons qui d\u00e9coulent de votre situation particuli\u00e8re ; Ceci s&rsquo;applique \u00e9galement au profilage bas\u00e9 sur les dispositions du RGPD.<\/strong><\/p>\n<p class=\"Paragraph\">\n<p class=\"Paragraph\"><strong>En cas d&rsquo;opposition, nous ne traiterons plus les donn\u00e9es personnelles vous concernant, sauf si nous pouvons prouver des raisons l\u00e9gitimes et imp\u00e9rieuses pour le traitement qui l&#8217;emportent sur vos int\u00e9r\u00eats, droits et libert\u00e9s, ou si le traitement sert \u00e0 faire valoir, exercer ou d\u00e9fendre des droits l\u00e9gaux .<\/strong><\/p>\n<p class=\"Paragraph\">\n<p class=\"Paragraph\"><strong>b) Cas particulier du publipostage : une simple objection suffit<\/strong><\/p>\n<p class=\"Paragraph\"><strong>Si les donn\u00e9es personnelles vous concernant sont trait\u00e9es afin d&rsquo;op\u00e9rer un publipostage, vous avez le droit de vous opposer \u00e0 ce traitement \u00e0 tout moment et sans indication de motif ; ceci s&rsquo;applique \u00e9galement au profilage dans la mesure o\u00f9 il est associ\u00e9 \u00e0 une telle publicit\u00e9 directe.<\/strong><\/p>\n<p class=\"Paragraph\">\n<p class=\"Paragraph\"><strong>Si vous vous opposez au traitement \u00e0 des fins de marketing direct, les donn\u00e9es personnelles vous concernant ne seront plus trait\u00e9es \u00e0 ces fins.<\/strong><\/p>\n<p class=\"Paragraph\">\n<p class=\"Paragraph\">\n<\/div>\n<div class=\"janolaw-paragraph\"><\/div>\n<div class=\"janolaw-text\">\n<p><strong>Responsable du traitement des donn\u00e9es :<\/strong><br \/>Weindimensional GmbH<br \/>Aroser Allee 84<br \/>13407 Berlin<br \/>Telefon: +49 30 814571900<br \/>mail@weindimensional.de<\/p>\n<\/div>\n<\/div>\n<\/div>\n<\/div>\n<\/div>\n<\/div>\n<\/div>\n<p>&nbsp;<\/p>\n<p>[\/et_pb_text][\/et_pb_column][\/et_pb_row][\/et_pb_section][et_pb_section fb_built=\u00a0\u00bb1&Prime; _builder_version=\u00a0\u00bb4.10.6&Prime; _module_preset=\u00a0\u00bbdefault\u00a0\u00bb background_color=\u00a0\u00bb#000000&Prime; use_background_color_gradient=\u00a0\u00bbon\u00a0\u00bb background_color_gradient_start=\u00a0\u00bb#000000&Prime; background_color_gradient_end=\u00a0\u00bb#000000&Prime; width=\u00a0\u00bb100%\u00a0\u00bb global_colors_info=\u00a0\u00bb{}\u00a0\u00bb][et_pb_row column_structure=\u00a0\u00bb1_4,1_4,1_4,1_4&Prime; _builder_version=\u00a0\u00bb4.10.6&Prime; _module_preset=\u00a0\u00bbdefault\u00a0\u00bb width=\u00a0\u00bb100%\u00a0\u00bb max_width=\u00a0\u00bb1434px\u00a0\u00bb max_width_tablet=\u00a0\u00bb88%\u00a0\u00bb max_width_phone=\u00a0\u00bb76%\u00a0\u00bb max_width_last_edited=\u00a0\u00bbon|phone\u00a0\u00bb module_alignment_tablet=\u00a0\u00bb\u00a0\u00bb module_alignment_phone=\u00a0\u00bb\u00a0\u00bb module_alignment_last_edited=\u00a0\u00bbon|phone\u00a0\u00bb global_colors_info=\u00a0\u00bb{}\u00a0\u00bb min_height=\u00a0\u00bb171.3px\u00a0\u00bb custom_padding=\u00a0\u00bb90px|||||\u00a0\u00bb][et_pb_column type=\u00a0\u00bb1_4&Prime; _builder_version=\u00a0\u00bb4.10.6&Prime; _module_preset=\u00a0\u00bbdefault\u00a0\u00bb global_colors_info=\u00a0\u00bb{}\u00a0\u00bb][et_pb_text _builder_version=\u00a0\u00bb4.10.6&Prime; _module_preset=\u00a0\u00bbdefault\u00a0\u00bb text_font=\u00a0\u00bbOswald||||||||\u00a0\u00bb text_text_color=\u00a0\u00bb#b09b62&Prime; text_font_size=\u00a0\u00bb19px\u00a0\u00bb global_colors_info=\u00a0\u00bb{}\u00a0\u00bb]<\/p>\n<p>SERVICE-HOTLINE<\/p>\n<p>[\/et_pb_text][et_pb_blurb title=\u00a0\u00bb+49 30 814571900&Prime; use_icon=\u00a0\u00bbon\u00a0\u00bb font_icon=\u00a0\u00bb%%264%%\u00a0\u00bb icon_placement=\u00a0\u00bbleft\u00a0\u00bb content_max_width=\u00a0\u00bb1100px\u00a0\u00bb use_icon_font_size=\u00a0\u00bbon\u00a0\u00bb icon_font_size=\u00a0\u00bb39px\u00a0\u00bb _builder_version=\u00a0\u00bb4.10.6&Prime; _module_preset=\u00a0\u00bbdefault\u00a0\u00bb header_font=\u00a0\u00bbOswald||||||||\u00a0\u00bb header_font_size=\u00a0\u00bb29px\u00a0\u00bb body_font=\u00a0\u00bbLibre Franklin||||||||\u00a0\u00bb body_text_color=\u00a0\u00bb#757575&Prime; background_layout=\u00a0\u00bbdark\u00a0\u00bb global_colors_info=\u00a0\u00bb{}\u00a0\u00bb]<\/p>\n<p>Lun-Jeu. 10h00 \u00e0 12h00<br \/>et de 13h \u00e0 16h<\/p>\n<p>[\/et_pb_blurb][\/et_pb_column][et_pb_column type=\u00a0\u00bb1_4&Prime; _builder_version=\u00a0\u00bb4.10.6&Prime; _module_preset=\u00a0\u00bbdefault\u00a0\u00bb global_colors_info=\u00a0\u00bb{}\u00a0\u00bb][et_pb_text _builder_version=\u00a0\u00bb4.10.6&Prime; _module_preset=\u00a0\u00bbdefault\u00a0\u00bb text_font=\u00a0\u00bbOswald||||||||\u00a0\u00bb text_text_color=\u00a0\u00bb#b09b62&Prime; text_font_size=\u00a0\u00bb19px\u00a0\u00bb global_colors_info=\u00a0\u00bb{}\u00a0\u00bb]<\/p>\n<p>SHOP-SERVICE<\/p>\n<p>[\/et_pb_text][et_pb_menu menu_id=\u00a0\u00bbnone\u00a0\u00bb active_link_color=\u00a0\u00bb#757575&Prime; _builder_version=\u00a0\u00bb4.10.6&Prime; _module_preset=\u00a0\u00bbdefault\u00a0\u00bb menu_font=\u00a0\u00bbLibre Franklin||||||||\u00a0\u00bb menu_text_color=\u00a0\u00bb#757575&Prime; menu_line_height=\u00a0\u00bb1.1em\u00a0\u00bb background_color=\u00a0\u00bb#000000&Prime; background_layout=\u00a0\u00bbdark\u00a0\u00bb width=\u00a0\u00bb28%\u00a0\u00bb max_width=\u00a0\u00bb31%\u00a0\u00bb module_alignment=\u00a0\u00bbleft\u00a0\u00bb global_colors_info=\u00a0\u00bb{}\u00a0\u00bb][\/et_pb_menu][\/et_pb_column][et_pb_column type=\u00a0\u00bb1_4&Prime; _builder_version=\u00a0\u00bb4.10.6&Prime; _module_preset=\u00a0\u00bbdefault\u00a0\u00bb global_colors_info=\u00a0\u00bb{}\u00a0\u00bb][et_pb_text _builder_version=\u00a0\u00bb4.10.6&Prime; _module_preset=\u00a0\u00bbdefault\u00a0\u00bb text_font=\u00a0\u00bbOswald||||||||\u00a0\u00bb text_text_color=\u00a0\u00bb#b09b62&Prime; text_font_size=\u00a0\u00bb19px\u00a0\u00bb global_colors_info=\u00a0\u00bb{}\u00a0\u00bb]<\/p>\n<p>SOCIALS<\/p>\n<p>[\/et_pb_text][et_pb_social_media_follow _builder_version=\u00a0\u00bb4.10.6&Prime; _module_preset=\u00a0\u00bbdefault\u00a0\u00bb global_colors_info=\u00a0\u00bb{}\u00a0\u00bb][et_pb_social_media_follow_network social_network=\u00a0\u00bbfacebook\u00a0\u00bb url=\u00a0\u00bbhttps:\/\/www.facebook.com\/aagin.berlin\u00a0\u00bb _builder_version=\u00a0\u00bb4.10.6&Prime; _module_preset=\u00a0\u00bbdefault\u00a0\u00bb background_color=\u00a0\u00bb#757575&Prime; background_enable_color=\u00a0\u00bbon\u00a0\u00bb global_colors_info=\u00a0\u00bb{}\u00a0\u00bb follow_button=\u00a0\u00bboff\u00a0\u00bb url_new_window=\u00a0\u00bbon\u00a0\u00bb]facebook[\/et_pb_social_media_follow_network][et_pb_social_media_follow_network social_network=\u00a0\u00bbinstagram\u00a0\u00bb url=\u00a0\u00bbhttps:\/\/www.instagram.com\/aaginberlin\/\u00a0\u00bb icon_color=\u00a0\u00bb#ffffff\u00a0\u00bb _builder_version=\u00a0\u00bb4.10.6&Prime; _module_preset=\u00a0\u00bbdefault\u00a0\u00bb background_color=\u00a0\u00bb#757575&Prime; background_enable_color=\u00a0\u00bbon\u00a0\u00bb global_colors_info=\u00a0\u00bb{}\u00a0\u00bb follow_button=\u00a0\u00bboff\u00a0\u00bb url_new_window=\u00a0\u00bbon\u00a0\u00bb]instagram[\/et_pb_social_media_follow_network][\/et_pb_social_media_follow][\/et_pb_column][et_pb_column type=\u00a0\u00bb1_4&Prime; _builder_version=\u00a0\u00bb4.10.6&Prime; _module_preset=\u00a0\u00bbdefault\u00a0\u00bb global_colors_info=\u00a0\u00bb{}\u00a0\u00bb][et_pb_text _builder_version=\u00a0\u00bb4.10.6&Prime; _module_preset=\u00a0\u00bbdefault\u00a0\u00bb text_font=\u00a0\u00bbOswald||||||||\u00a0\u00bb text_text_color=\u00a0\u00bb#b09b62&Prime; text_font_size=\u00a0\u00bb19px\u00a0\u00bb global_colors_info=\u00a0\u00bb{}\u00a0\u00bb]<\/p>\n<p>NEWSLETTER<\/p>\n<p>[\/et_pb_text][et_pb_signup mailchimp_list=\u00a0\u00bbAAGIN eine Marke der Weindimensional|ee09b057bd\u00a0\u00bb first_name_field=\u00a0\u00bboff\u00a0\u00bb last_name_field=\u00a0\u00bboff\u00a0\u00bb button_text=\u00a0\u00bbS&rsquo;inscrire\u00a0\u00bb _builder_version=\u00a0\u00bb4.10.6&Prime; _module_preset=\u00a0\u00bbdefault\u00a0\u00bb form_field_background_color=\u00a0\u00bb#000000&Prime; form_field_text_color=\u00a0\u00bb#FFFFFF\u00a0\u00bb form_field_focus_background_color=\u00a0\u00bb#000000&Prime; background_color=\u00a0\u00bbRGBA(0,0,0,0)\u00a0\u00bb custom_button=\u00a0\u00bbon\u00a0\u00bb button_text_size=\u00a0\u00bb17px\u00a0\u00bb button_text_color=\u00a0\u00bb#FFFFFF\u00a0\u00bb button_bg_color=\u00a0\u00bb#3f3f3f\u00a0\u00bb button_border_width=\u00a0\u00bb0px\u00a0\u00bb button_icon=\u00a0\u00bb%%153%%\u00a0\u00bb button_icon_color=\u00a0\u00bb#FFFFFF\u00a0\u00bb button_icon_placement=\u00a0\u00bbleft\u00a0\u00bb button_on_hover=\u00a0\u00bboff\u00a0\u00bb border_radii_fields=\u00a0\u00bbon|2px|2px|2px|2px\u00a0\u00bb border_width_all_fields=\u00a0\u00bb3px\u00a0\u00bb border_color_all_fields=\u00a0\u00bb#757575&Prime; global_colors_info=\u00a0\u00bb{}\u00a0\u00bb][\/et_pb_signup][\/et_pb_column][\/et_pb_row][\/et_pb_section]<\/p>\n","protected":false},"excerpt":{"rendered":"<p>AAGIN BOUTIQUE EN LIGNE PROTECTION DES DONN\u00c9ES &nbsp; \u00a7 1. G\u00e9n\u00e9ral Vos donn\u00e9es personnelles (par exemple titre, nom, adresse, adresse e-mail, num\u00e9ro de t\u00e9l\u00e9phone, coordonn\u00e9es bancaires, num\u00e9ro de carte de cr\u00e9dit) ne seront trait\u00e9es par nous que conform\u00e9ment aux dispositions de la loi allemande sur la protection des donn\u00e9es et de la loi sur la [&hellip;]<\/p>\n","protected":false},"author":1,"featured_media":0,"parent":0,"menu_order":0,"comment_status":"closed","ping_status":"closed","template":"","meta":{"_et_pb_use_builder":"on","_et_pb_old_content":"","_et_gb_content_width":"","footnotes":""},"class_list":["post-846","page","type-page","status-publish","hentry"],"_links":{"self":[{"href":"https:\/\/aaspirits.com\/fr\/wp-json\/wp\/v2\/pages\/846","targetHints":{"allow":["GET"]}}],"collection":[{"href":"https:\/\/aaspirits.com\/fr\/wp-json\/wp\/v2\/pages"}],"about":[{"href":"https:\/\/aaspirits.com\/fr\/wp-json\/wp\/v2\/types\/page"}],"author":[{"embeddable":true,"href":"https:\/\/aaspirits.com\/fr\/wp-json\/wp\/v2\/users\/1"}],"replies":[{"embeddable":true,"href":"https:\/\/aaspirits.com\/fr\/wp-json\/wp\/v2\/comments?post=846"}],"version-history":[{"count":2,"href":"https:\/\/aaspirits.com\/fr\/wp-json\/wp\/v2\/pages\/846\/revisions"}],"predecessor-version":[{"id":848,"href":"https:\/\/aaspirits.com\/fr\/wp-json\/wp\/v2\/pages\/846\/revisions\/848"}],"wp:attachment":[{"href":"https:\/\/aaspirits.com\/fr\/wp-json\/wp\/v2\/media?parent=846"}],"curies":[{"name":"wp","href":"https:\/\/api.w.org\/{rel}","templated":true}]}}