{"id":3887,"date":"2021-08-17T16:30:12","date_gmt":"2023-08-13T11:38:23","guid":{"rendered":"https:\/\/aagin.com\/produkt\/aagin-dry-gin\/"},"modified":"2025-02-04T16:16:34","modified_gmt":"2025-02-04T15:16:34","slug":"aagin-dry-gin","status":"publish","type":"product","link":"https:\/\/aaspirits.com\/en\/produkt\/aagin-dry-gin\/","title":{"rendered":"AAGIN Dry Gin"},"content":{"rendered":"<p>[et_pb_section fb_built=&#8221;1&#8243; _builder_version=&#8221;3.22&#8243; custom_padding=&#8221;0px||||false|false&#8221; global_colors_info=&#8221;{}&#8221;][et_pb_row _builder_version=&#8221;3.25&#8243; background_size=&#8221;initial&#8221; background_position=&#8221;top_left&#8221; background_repeat=&#8221;repeat&#8221; width=&#8221;100%&#8221; custom_padding=&#8221;0px||0px||false|false&#8221; global_colors_info=&#8221;{}&#8221;][et_pb_column type=&#8221;4_4&#8243; _builder_version=&#8221;3.25&#8243; custom_padding=&#8221;|||&#8221; global_colors_info=&#8221;{}&#8221; custom_padding__hover=&#8221;|||&#8221;][et_pb_wc_breadcrumb _builder_version=&#8221;3.0.47&#8243; global_colors_info=&#8221;{}&#8221;][\/et_pb_wc_breadcrumb][et_pb_wc_cart_notice _builder_version=&#8221;3.0.47&#8243; global_colors_info=&#8221;{}&#8221;][\/et_pb_wc_cart_notice][\/et_pb_column][\/et_pb_row][et_pb_row column_structure=&#8221;1_2,1_2&#8243; _builder_version=&#8221;3.25&#8243; background_size=&#8221;initial&#8221; background_position=&#8221;top_left&#8221; background_repeat=&#8221;repeat&#8221; width=&#8221;100%&#8221; custom_padding=&#8221;0px||||false|false&#8221; global_colors_info=&#8221;{}&#8221;][et_pb_column type=&#8221;1_2&#8243; _builder_version=&#8221;3.25&#8243; custom_padding=&#8221;|||&#8221; global_colors_info=&#8221;{}&#8221; custom_padding__hover=&#8221;|||&#8221;][et_pb_wc_images _builder_version=&#8221;3.0.47&#8243; global_colors_info=&#8221;{}&#8221;][\/et_pb_wc_images][\/et_pb_column][et_pb_column type=&#8221;1_2&#8243; _builder_version=&#8221;3.25&#8243; custom_padding=&#8221;|||&#8221; global_colors_info=&#8221;{}&#8221; custom_padding__hover=&#8221;|||&#8221;][et_pb_wc_title _builder_version=&#8221;3.0.47&#8243; global_colors_info=&#8221;{}&#8221;][\/et_pb_wc_title][et_pb_wc_rating module_class=&#8221;nicht-klickbar&#8221; _builder_version=&#8221;4.11.4&#8243; global_colors_info=&#8221;{}&#8221;][\/et_pb_wc_rating][et_pb_wc_price _builder_version=&#8221;3.0.47&#8243; global_colors_info=&#8221;{}&#8221;][\/et_pb_wc_price][et_pb_wc_description _builder_version=&#8221;4.9.11&#8243; body_text_color=&#8221;#000000&#8243; global_colors_info=&#8221;{}&#8221;][\/et_pb_wc_description][et_pb_wc_add_to_cart _builder_version=&#8221;3.0.47&#8243; global_colors_info=&#8221;{}&#8221;][\/et_pb_wc_add_to_cart][et_pb_wc_meta _builder_version=&#8221;3.0.47&#8243; global_colors_info=&#8221;{}&#8221;][\/et_pb_wc_meta][\/et_pb_column][\/et_pb_row][et_pb_row _builder_version=&#8221;3.25&#8243; background_size=&#8221;initial&#8221; background_position=&#8221;top_left&#8221; background_repeat=&#8221;repeat&#8221; width=&#8221;100%&#8221; global_colors_info=&#8221;{}&#8221;][et_pb_column type=&#8221;4_4&#8243; _builder_version=&#8221;3.25&#8243; custom_padding=&#8221;|||&#8221; global_colors_info=&#8221;{}&#8221; custom_padding__hover=&#8221;|||&#8221;][et_pb_wc_tabs include_tabs=&#8221;description||additional_information|reviews&#8221; _builder_version=&#8221;4.11.4&#8243; body_text_color=&#8221;#000000&#8243; background_color=&#8221;#FFFFFF&#8221; global_colors_info=&#8221;{}&#8221;]\t\t\t\t\t[\/et_pb_wc_tabs][et_pb_wc_upsells _builder_version=&#8221;4.11.4&#8243; global_colors_info=&#8221;{}&#8221;][\/et_pb_wc_upsells][et_pb_wc_related_products _builder_version=&#8221;4.11.4&#8243; global_colors_info=&#8221;{}&#8221;][\/et_pb_wc_related_products][\/et_pb_column][\/et_pb_row][\/et_pb_section]<\/p>\n","protected":false},"excerpt":{"rendered":"<p>incl. 19% MwSt.<br \/>\nplus. Shipping costs<br \/>\nContents 500 ml \/ 43% vol<br \/>\n(69,80 \u20ac \/ 1 Liter)<\/p>\n<p><a href=\"https:\/\/www.falstaff.com\/de\/search\/all?searchTerm=AASpirits\" target=\"_blank\" rel=\"noopener\"><img loading=\"lazy\" decoding=\"async\" class=\"alignnone wp-image-4178 size-medium\" src=\"https:\/\/aaspirits.com\/wp-content\/uploads\/2023\/11\/Falstaff_GIN-212x300.jpg\" alt=\"\" width=\"212\" height=\"300\" \/><\/a><\/p>\n<p><a href=\"https:\/\/aaspirits.com\/wp-content\/uploads\/2024\/07\/ISW_2020.png\">\u00a0\u00a0\u00a0\u00a0 <\/a><a href=\"https:\/\/www.meininger.de\/firmenprofil\/143741\" target=\"_blank\" rel=\"noopener\"><img loading=\"lazy\" decoding=\"async\" class=\"alignnone wp-image-6733\" src=\"https:\/\/aaspirits.com\/wp-content\/uploads\/2024\/07\/ISW_2020.png\" alt=\"\" width=\"100\" height=\"100\" srcset=\"https:\/\/aaspirits.com\/wp-content\/uploads\/2024\/07\/ISW_2020.png 200w, https:\/\/aaspirits.com\/wp-content\/uploads\/2024\/07\/ISW_2020-150x150.png 150w, https:\/\/aaspirits.com\/wp-content\/uploads\/2024\/07\/ISW_2020-100x100.png 100w\" sizes=\"auto, (max-width: 100px) 100vw, 100px\" \/><\/a><a href=\"https:\/\/aaspirits.com\/wp-content\/uploads\/2024\/07\/ISW_2021.png\">\u00a0\u00a0\u00a0\u00a0 <\/a><a href=\"https:\/\/www.meininger.de\/firmenprofil\/143741\" target=\"_blank\" rel=\"noopener\"><img loading=\"lazy\" decoding=\"async\" class=\"alignnone wp-image-6736\" src=\"https:\/\/aaspirits.com\/wp-content\/uploads\/2024\/07\/ISW_2021.png\" alt=\"\" width=\"100\" height=\"100\" srcset=\"https:\/\/aaspirits.com\/wp-content\/uploads\/2024\/07\/ISW_2021.png 200w, https:\/\/aaspirits.com\/wp-content\/uploads\/2024\/07\/ISW_2021-150x150.png 150w, https:\/\/aaspirits.com\/wp-content\/uploads\/2024\/07\/ISW_2021-100x100.png 100w\" sizes=\"auto, (max-width: 100px) 100vw, 100px\" \/><\/a> \u00a0 \u00a0 <a href=\"https:\/\/europeanspiritschallenge.org\/european-spirits-challenge-2021-results\/\" target=\"_blank\" rel=\"noopener\"><img loading=\"lazy\" decoding=\"async\" class=\"alignnone wp-image-6739\" src=\"https:\/\/aaspirits.com\/wp-content\/uploads\/2024\/07\/ESC.png\" alt=\"\" width=\"100\" height=\"100\" srcset=\"https:\/\/aaspirits.com\/wp-content\/uploads\/2024\/07\/ESC.png 200w, https:\/\/aaspirits.com\/wp-content\/uploads\/2024\/07\/ESC-150x150.png 150w, https:\/\/aaspirits.com\/wp-content\/uploads\/2024\/07\/ESC-100x100.png 100w\" sizes=\"auto, (max-width: 100px) 100vw, 100px\" \/><\/a><\/p>\n<p><a href=\"https:\/\/aaspirits.com\/wp-content\/uploads\/2024\/07\/Women_2021_gold.png\"> \u00a0 \u00a0 <\/a><a href=\"https:\/\/womenstrophy.com\/en\/results-spirit-2021\" target=\"_blank\" rel=\"noopener\"><img loading=\"lazy\" decoding=\"async\" class=\"alignnone wp-image-6742\" src=\"https:\/\/aaspirits.com\/wp-content\/uploads\/2024\/07\/Women_2021_gold.png\" alt=\"\" width=\"100\" height=\"100\" srcset=\"https:\/\/aaspirits.com\/wp-content\/uploads\/2024\/07\/Women_2021_gold.png 200w, https:\/\/aaspirits.com\/wp-content\/uploads\/2024\/07\/Women_2021_gold-150x150.png 150w, https:\/\/aaspirits.com\/wp-content\/uploads\/2024\/07\/Women_2021_gold-100x100.png 100w\" sizes=\"auto, (max-width: 100px) 100vw, 100px\" \/><\/a><a href=\"https:\/\/aaspirits.com\/wp-content\/uploads\/2024\/07\/LSC_2022_silver.png\"> \u00a0 \u00a0 <\/a><a href=\"https:\/\/londonspiritscompetition.com\/en\/competition-global-results\/2022\/\" target=\"_blank\" rel=\"noopener\"><img loading=\"lazy\" decoding=\"async\" class=\"alignnone wp-image-6751\" src=\"https:\/\/aaspirits.com\/wp-content\/uploads\/2024\/07\/LSC_2022_silver.png\" alt=\"\" width=\"100\" height=\"100\" srcset=\"https:\/\/aaspirits.com\/wp-content\/uploads\/2024\/07\/LSC_2022_silver.png 200w, https:\/\/aaspirits.com\/wp-content\/uploads\/2024\/07\/LSC_2022_silver-150x150.png 150w, https:\/\/aaspirits.com\/wp-content\/uploads\/2024\/07\/LSC_2022_silver-100x100.png 100w\" sizes=\"auto, (max-width: 100px) 100vw, 100px\" \/><\/a><a href=\"https:\/\/aaspirits.com\/wp-content\/uploads\/2024\/07\/2023_Craft-Spirits-Berlin-Awards_CERTFICATE-bronze_AAGIN-scaled.jpg\">\u00a0\u00a0\u00a0\u00a0 <\/a><a href=\"https:\/\/aaspirits.com\/wp-content\/uploads\/2024\/07\/2023_Craft-Spirits-Berlin-Awards_CERTFICATE-bronze_AAGIN-scaled.jpg\" target=\"_blank\" rel=\"noopener\"><img loading=\"lazy\" decoding=\"async\" class=\"alignnone wp-image-6757\" src=\"https:\/\/aaspirits.com\/wp-content\/uploads\/2024\/07\/Craft_Spirits_Berlin_AAGIN_2023_bronce.png\" alt=\"\" width=\"100\" height=\"100\" srcset=\"https:\/\/aaspirits.com\/wp-content\/uploads\/2024\/07\/Craft_Spirits_Berlin_AAGIN_2023_bronce.png 200w, https:\/\/aaspirits.com\/wp-content\/uploads\/2024\/07\/Craft_Spirits_Berlin_AAGIN_2023_bronce-150x150.png 150w, https:\/\/aaspirits.com\/wp-content\/uploads\/2024\/07\/Craft_Spirits_Berlin_AAGIN_2023_bronce-100x100.png 100w\" sizes=\"auto, (max-width: 100px) 100vw, 100px\" \/><\/a><a href=\"https:\/\/aaspirits.com\/wp-content\/uploads\/2024\/07\/SFWS_2024_gold.png\">\u00a0 \u00a0 \u00a0<\/a><a href=\"https:\/\/thetastingalliance.com\/results\/2024-san-francisco-world-spirits-competition-results\/\" target=\"_blank\" rel=\"noopener\"><img loading=\"lazy\" decoding=\"async\" class=\"alignnone wp-image-6748\" src=\"https:\/\/aaspirits.com\/wp-content\/uploads\/2024\/07\/SFWS_2024_gold.png\" alt=\"\" width=\"100\" height=\"100\" srcset=\"https:\/\/aaspirits.com\/wp-content\/uploads\/2024\/07\/SFWS_2024_gold.png 200w, https:\/\/aaspirits.com\/wp-content\/uploads\/2024\/07\/SFWS_2024_gold-150x150.png 150w, https:\/\/aaspirits.com\/wp-content\/uploads\/2024\/07\/SFWS_2024_gold-100x100.png 100w\" sizes=\"auto, (max-width: 100px) 100vw, 100px\" \/><\/a><\/p>\n<p>&nbsp;<\/p>\n","protected":false},"featured_media":3536,"comment_status":"open","ping_status":"closed","template":"","meta":{"_et_pb_use_builder":"on","_et_pb_old_content":"Aus der Vision Sinne und Verstand zu inspirieren und der destillierten Vereinigung von Passion, Erfahrung und Tradition, ist die Idee zu diesem feinfruchtigen GIN im 1908 errichteten Kesselhaus der ehemaligen Luxus-Papierfabrik Albrecht &amp; Meister in der Aroser Allee (AA) in Berlin geboren. Dr. Klaus Hagmann, hochkar\u00e4tiger Destillat-Experte und leidenschaftlicher Gin-Liebhaber haben dabei eine extra gro\u00dfe Portion Wacholderbeeren mit einer streng geheimen Rezeptur erlesener Botanicals zu einer einzigartigen Essenz veredelt.\r\nAAGIN Dry Gin ist ein im klassischen London Dry GIN Verfahren produzierter Gin. Dabei werden Botanicals in gro\u00dfen Mengen langsam und schonend in einer 150 Liter handgeh\u00e4mmerten Kupferblase destilliert. Die F\u00fclle an Aromen und die Vollmundigkeit sind bereits beim ersten Riechen und Schmecken deutlich zu sp\u00fcren.\r\nDurch die Zugabe einer extra gro\u00dfen Portion Wacholderbeeren schmeckt der AAGIN (Call me [e\u0131d\u021d\u0131n]) wacholderbetont. Ingwer und Kardamom verleihen ihm W\u00fcrze, schwarze Johannisbeere und Grapefruit sorgen f\u00fcr einen fruchtig komplexen Geschmack mit feinen Citrusnuancen.\r\nAAGIN IST EINE HOMMAGE AN DIE PRACHTVOLLE BERLINER BELLE EPOQUE. PUR EIN HOCHGENUSS.\r\nIntensiv fruchtiges Bukett.\r\nHohe Berliner Gin-Kunst f\u00fcr den feinen Gaumen.\r\nMehrfach ausgezeichnet mit einer GOLD Medaille.\r\n\r\nAuszeichnungen:\r\n2020 \u2013 GOLD \u2013 Meininger\u00b4s International Spirits Award\r\n2021 \u2013 GOLD \u2013 Meininger\u00b4s International Spirits Award\r\n2021 \u2013 GOLD \u2013 European Spirits Challenge\r\n2021 \u2013 GOLD \u2013 Women International Trophy\r\n2022 \u2013 SILBER \u2013 London Spirits Competition\r\n2023 \u2013 excellent \u2013 91 points - Falstaff Spirits Special\r\n2023 \u2013 BRONCE \u2013 Craft Spirits Berlin Awards\r\n2024 \u2013 GOLD \u2013 San Francisco World Spirits Competition","_et_gb_content_width":""},"product_brand":[],"product_cat":[114],"product_tag":[],"class_list":{"0":"post-3887","1":"product","2":"type-product","3":"status-publish","4":"has-post-thumbnail","6":"product_cat-gin-en","8":"first","9":"instock","10":"taxable","11":"shipping-taxable","12":"purchasable","13":"product-type-simple"},"_links":{"self":[{"href":"https:\/\/aaspirits.com\/en\/wp-json\/wp\/v2\/product\/3887","targetHints":{"allow":["GET"]}}],"collection":[{"href":"https:\/\/aaspirits.com\/en\/wp-json\/wp\/v2\/product"}],"about":[{"href":"https:\/\/aaspirits.com\/en\/wp-json\/wp\/v2\/types\/product"}],"replies":[{"embeddable":true,"href":"https:\/\/aaspirits.com\/en\/wp-json\/wp\/v2\/comments?post=3887"}],"wp:featuredmedia":[{"embeddable":true,"href":"https:\/\/aaspirits.com\/en\/wp-json\/wp\/v2\/media\/3536"}],"wp:attachment":[{"href":"https:\/\/aaspirits.com\/en\/wp-json\/wp\/v2\/media?parent=3887"}],"wp:term":[{"taxonomy":"product_brand","embeddable":true,"href":"https:\/\/aaspirits.com\/en\/wp-json\/wp\/v2\/product_brand?post=3887"},{"taxonomy":"product_cat","embeddable":true,"href":"https:\/\/aaspirits.com\/en\/wp-json\/wp\/v2\/product_cat?post=3887"},{"taxonomy":"product_tag","embeddable":true,"href":"https:\/\/aaspirits.com\/en\/wp-json\/wp\/v2\/product_tag?post=3887"}],"curies":[{"name":"wp","href":"https:\/\/api.w.org\/{rel}","templated":true}]}}