{"id":656,"date":"2021-09-06T09:57:36","date_gmt":"2021-09-06T09:57:36","guid":{"rendered":"https:\/\/aagin.com\/agb\/"},"modified":"2021-09-06T09:57:57","modified_gmt":"2021-09-06T09:57:57","slug":"agb","status":"publish","type":"page","link":"https:\/\/aaspirits.com\/en\/agb\/","title":{"rendered":"AGB"},"content":{"rendered":"<p>[et_pb_section fb_built=&#8221;1&#8243; _builder_version=&#8221;4.9.11&#8243; _module_preset=&#8221;default&#8221; background_color=&#8221;#000000&#8243; global_colors_info=&#8221;{}&#8221;][et_pb_row admin_label=&#8221;Zeile&#8221; _builder_version=&#8221;4.10.4&#8243; _module_preset=&#8221;default&#8221; custom_padding=&#8221;139px|||||&#8221; global_colors_info=&#8221;{}&#8221;][et_pb_column type=&#8221;4_4&#8243; _builder_version=&#8221;4.10.4&#8243; _module_preset=&#8221;default&#8221; global_colors_info=&#8221;{}&#8221;][et_pb_text _builder_version=&#8221;4.10.4&#8243; _module_preset=&#8221;default&#8221; header_2_font=&#8221;Oswald||||||||&#8221; header_2_font_size=&#8221;41px&#8221; header_2_letter_spacing=&#8221;1px&#8221; header_3_font=&#8221;Libre Franklin||||||||&#8221; header_3_text_color=&#8221;#FFFFFF&#8221; header_3_font_size=&#8221;15px&#8221; global_colors_info=&#8221;{}&#8221;]<\/p>\n<h3>AAGIN ONLINESHOP<\/h3>\n<h2>ALLGEMEINE GESCH\u00c4FTSBEDINGUNGEN<\/h2>\n<p>[\/et_pb_text][\/et_pb_column][\/et_pb_row][et_pb_row column_structure=&#8221;1_2,1_2&#8243; _builder_version=&#8221;4.10.4&#8243; _module_preset=&#8221;default&#8221; background_enable_image=&#8221;off&#8221; background_size=&#8221;contain&#8221; background_position=&#8221;center_left&#8221; min_height=&#8221;526.3px&#8221; custom_padding=&#8221;118px||0px|||&#8221; global_colors_info=&#8221;{}&#8221;][et_pb_column type=&#8221;1_2&#8243; _builder_version=&#8221;4.10.4&#8243; _module_preset=&#8221;default&#8221; custom_padding=&#8221;||||false|false&#8221; global_colors_info=&#8221;{}&#8221;][et_pb_menu menu_id=&#8221;22&#8243; submenu_direction=&#8221;downwards&#8221; active_link_color=&#8221;#b1a354&#8243; _builder_version=&#8221;4.10.4&#8243; _module_preset=&#8221;default&#8221; menu_font_size=&#8221;16px&#8221; menu_letter_spacing=&#8221;1px&#8221; menu_line_height=&#8221;1.6em&#8221; background_color=&#8221;#000000&#8243; background_layout=&#8221;dark&#8221; max_width=&#8221;16%&#8221; global_colors_info=&#8221;{}&#8221;][\/et_pb_menu][\/et_pb_column][et_pb_column type=&#8221;1_2&#8243; _builder_version=&#8221;4.10.4&#8243; _module_preset=&#8221;default&#8221; global_colors_info=&#8221;{}&#8221;][et_pb_text _builder_version=&#8221;4.10.4&#8243; text_font=&#8221;Libre Franklin||||||||&#8221; text_text_color=&#8221;#FFFFFF&#8221; text_font_size=&#8221;16px&#8221; header_font=&#8221;Oswald||||||||&#8221; header_text_color=&#8221;#FFFFFF&#8221; header_font_size=&#8221;13px&#8221; header_2_font=&#8221;Oswald||||||||&#8221; header_2_text_color=&#8221;#FFFFFF&#8221; header_2_font_size=&#8221;3vw&#8221; header_2_line_height=&#8221;1.2em&#8221; header_3_font=&#8221;|700||on|||||&#8221; header_3_font_size=&#8221;14px&#8221; header_3_letter_spacing=&#8221;2px&#8221; header_3_line_height=&#8221;1.2em&#8221; header_6_font=&#8221;|700||on|||||&#8221; header_6_text_color=&#8221;#ffcf9a&#8221; header_6_letter_spacing=&#8221;2px&#8221; header_6_line_height=&#8221;1.2em&#8221; width=&#8221;190%&#8221; max_width=&#8221;143%&#8221; custom_margin=&#8221;|||-301px||&#8221; custom_padding=&#8221;|0px||0px||&#8221; header_2_font_size_tablet=&#8221;80px&#8221; header_2_font_size_phone=&#8221;40px&#8221; header_2_font_size_last_edited=&#8221;on|phone&#8221; locked=&#8221;off&#8221; global_colors_info=&#8221;{}&#8221;]<\/p>\n<div class=\"elementor-column elementor-col-50 elementor-top-column elementor-element elementor-element-e4d7a6f\" data-id=\"e4d7a6f\" data-element_type=\"column\">\n<div class=\"elementor-column-wrap elementor-element-populated\">\n<div class=\"elementor-widget-wrap\">\n<div class=\"elementor-element elementor-element-48fe96c elementor-widget elementor-widget-text-editor\" data-id=\"48fe96c\" data-element_type=\"widget\" data-widget_type=\"text-editor.default\">\n<div class=\"elementor-widget-container\">\n<div class=\"elementor-text-editor elementor-clearfix\">\n<div class=\"janolaw-paragraph\">\u00a7 1 Geltungsbereich, Kundeninformationen<\/div>\n<div class=\"janolaw-text\">\n<p>Die folgenden allgemeinen Gesch\u00e4ftsbedingungen (AGB) regeln das Vertragsverh\u00e4ltnis zwischen Weindimensional GmbH AAGIN Onlineshop und den Verbrauchern und Unternehmern, die \u00fcber unseren Shop Waren kaufen. Entgegenstehende oder von unseren Gesch\u00e4ftsbedingungen abweichende Bedingungen werden von uns nicht anerkannt. Die Vertragssprache ist Deutsch.<\/p>\n<p>&nbsp;<\/p>\n<\/div>\n<div class=\"janolaw-paragraph\">\u00a7 2 Vertragsschluss<\/div>\n<div class=\"janolaw-text\">\n<p>(1) Die Angebote im Internet stellen ein verbindliches Angebot an Sie dar, Waren zu kaufen.<\/p>\n<p>&nbsp;<\/p>\n<p>(2) Sie k\u00f6nnen ein oder mehrere Produkte in den Warenkorb legen. Im Laufe des Bestellprozesses geben Sie Ihre Daten und W\u00fcnsche bzgl. Zahlungsart, Liefermodalit\u00e4ten etc. ein. Erst mit dem Anklicken des Bestellbuttons nehmen Sie dieses Angebot auf Abschluss eines Kaufvertrags an.<\/p>\n<p>&nbsp;<\/p>\n<\/div>\n<div class=\"janolaw-paragraph\">\u00a7 3 Kundeninformation: Speicherung des Vertragstextes<\/div>\n<div class=\"janolaw-text\">\n<p>Ihre Bestellung mit Einzelheiten zum geschlossenen Vertrag (z.B. Art des Produkts, Preis etc.) wird von uns gespeichert. Die AGB schicken wir Ihnen zu, Sie k\u00f6nnen die AGB aber auch nach Vertragsschluss jederzeit \u00fcber unsere Webseite aufrufen. Als registrierter Kunde k\u00f6nnen Sie auf Ihre vergangenen Bestellungen \u00fcber den Kunden LogIn-Bereich (Mein Konto) zugreifen.<\/p>\n<p>&nbsp;<\/p>\n<\/div>\n<div class=\"janolaw-paragraph\">\u00a7 4 Kundeninformation: Korrekturhinweis<\/div>\n<div class=\"janolaw-text\">\n<p>Sie k\u00f6nnen Ihre Eingaben vor Abgabe der Bestellung jederzeit mit der L\u00f6schtaste berichtigen. Wir informieren Sie auf dem Weg durch den Bestellprozess \u00fcber weitere Korrekturm\u00f6glichkeiten. Den Bestellprozess k\u00f6nnen Sie auch jederzeit durch Schlie\u00dfen des Browser-Fensters komplett beenden.<\/p>\n<p>&nbsp;<\/p>\n<\/div>\n<div class=\"janolaw-paragraph\">\u00a7 5 Eigentumsvorbehalt<\/div>\n<div class=\"janolaw-text\">\n<p>Der Kaufgegenstand bleibt bis zur vollst\u00e4ndigen Bezahlung unser Eigentum.<\/p>\n<p>&nbsp;<\/p>\n<\/div>\n<div class=\"janolaw-paragraph\">\u00a7 6 Gesetzliche M\u00e4ngelhaftungsrechte und Verj\u00e4hrung<\/div>\n<div class=\"janolaw-text\">\n<p><strong>(1) Gesetzliche M\u00e4ngelhaftungsrechte<\/strong><\/p>\n<p>F\u00fcr unsere Waren bestehen gesetzliche M\u00e4ngelhaftungsrechte.<\/p>\n<p>&nbsp;<\/p>\n<p><strong>(2) Einschr\u00e4nkung der M\u00e4ngelhaftungsrechte (Gew\u00e4hrleistung) gegen\u00fcber Verbrauchern bei Gebrauchtware<\/strong><\/p>\n<p>F\u00fcr Ihre M\u00e4ngelanspr\u00fcche bestehen zwei Fristen, die beide ab Ablieferung der Gebrauchtware an Sie laufen.<\/p>\n<p>Die Haftungsfrist f\u00fcr M\u00e4ngel verk\u00fcrzen wir von zwei Jahren auf ein Jahr.<\/p>\n<p>M\u00e4ngel, die innerhalb dieser Haftungsfrist auftreten, k\u00f6nnen Sie aber bis zum Ablauf der gesetzlichen Verj\u00e4hrungsfrist von zwei Jahren geltend machen.<\/p>\n<p>Von der Verk\u00fcrzung der Haftungsfrist ausgenommen sind Schadensersatzanspr\u00fcche, Anspr\u00fcche wegen M\u00e4ngeln, die wir arglistig verschwiegen haben, und Anspr\u00fcche aus einer Garantie, die wir ggf. f\u00fcr die Beschaffenheit der Sache \u00fcbernommen haben. F\u00fcr diese ausgenommenen Anspr\u00fcche gelten die gesetzlichen Fristen. Bei Vorliegen einer Garantiefrist gilt zugunsten des Garantienehmers die l\u00e4ngere Frist.<\/p>\n<p>&nbsp;<\/p>\n<p><strong>(3) Einschr\u00e4nkung der M\u00e4ngelhaftungsrechte (Gew\u00e4hrleistung) gegen\u00fcber Unternehmern<\/strong><\/p>\n<p>Ihre Gew\u00e4hrleistungsanspr\u00fcche wegen M\u00e4ngeln der Kaufsache verj\u00e4hren in einem Jahr ab Gefahr\u00fcbergang. Von dieser Regelung ausgenommen sind folgende Anspr\u00fcche<\/p>\n<p class=\"Paragraph\">\u2013 auf Schadensersatz<br \/>\u2013 wegen arglistig verschwiegenen M\u00e4ngeln<br \/>\u2013 aus einer ggf. gegebenen Garantie<br \/>\u2013 auf R\u00fcckgriff nach \u00a7\u00a7 445a, 478 BGB<br \/>\u2013 wegen M\u00e4ngeln bei Baustoffen und Bauteilen, die entsprechend ihrer \u00fcblichen Verwendungsweise f\u00fcr ein Bauwerk verwendet worden sind und dessen Mangelhaftigkeit verursacht haben.<\/p>\n<p>F\u00fcr diese ausgenommenen Anspr\u00fcche gelten die gesetzlichen Verj\u00e4hrungsfristen. Im Falle einer ggf. gegebenen Garantiedauer gilt zugunsten des K\u00e4ufers die l\u00e4ngere Frist.<\/p>\n<p>&nbsp;<\/p>\n<\/div>\n<div class=\"janolaw-paragraph\">\u00a7 7 Haftungsbeschr\u00e4nkung<\/div>\n<div class=\"janolaw-text\">\n<p>Wir schlie\u00dfen die Haftung f\u00fcr leicht fahrl\u00e4ssige Pflichtverletzungen aus, sofern diese keine vertragswesentlichen Pflichten, Sch\u00e4den aus der Verletzung des Lebens, des K\u00f6rpers oder der Gesundheit oder Garantien betreffen oder Anspr\u00fcche nach dem Produkthaftungsgesetz ber\u00fchrt sind. Gleiches gilt f\u00fcr Pflichtverletzungen unserer Erf\u00fcllungsgehilfen und unserer gesetzlichen Vertreter. Zu den vertragswesentlichen Pflichten geh\u00f6rt insbesondere die Pflicht, Ihnen die Sache zu \u00fcbergeben und Ihnen das Eigentum daran zu verschaffen. Weiterhin haben wir Ihnen die Sache frei von Sach- und Rechtsm\u00e4ngeln zu verschaffen.<\/p>\n<p>&nbsp;<\/p>\n<\/div>\n<div class=\"janolaw-paragraph\">\u00a7 8 Kaufm\u00e4nnischer Gerichtsstand<\/div>\n<div class=\"janolaw-text\">\n<p>Ausschlie\u00dflicher Gerichtsstand f\u00fcr alle Streitigkeiten aus diesem Vertrag ist unser Gesch\u00e4ftssitz, wenn Sie Kaufmann sind.<\/p>\n<p>&nbsp;<\/p>\n<\/div>\n<div class=\"janolaw-paragraph\">\u00a7 9 Verbraucherinformation: Teilnahme an janoFair<\/div>\n<div class=\"janolaw-text\">\n<p>Wir nehmen an <a title=\"janoFair\" href=\"https:\/\/www.janofair.de\/verbraucher\/index.html\" target=\"_blank\" rel=\"nofollow noopener\"><strong>janoFair<\/strong><\/a> teil. janoFair ist eine Alternative zu den staatlich anerkannten Verbraucherschlichtungsstellen. Falls wir Meinungsverschiedenheiten aus unserem Vertragsverh\u00e4ltnis nicht einvernehmlich beilegen k\u00f6nnen, steht Ihnen das kostenlose Streitbeilegungsverfahren von janoFair zur Verf\u00fcgung. Die Verj\u00e4hrung etwaiger Anspr\u00fcche ist f\u00fcr die Dauer dieses Verfahrens ausgeschlossen. Sollte auch dort keine Einigung erzielt werden, steht weiterhin der Rechtsweg offen.<\/p>\n<\/div>\n<\/div>\n<\/div>\n<\/div>\n<\/div>\n<\/div>\n<\/div>\n<p>[\/et_pb_text][\/et_pb_column][\/et_pb_row][\/et_pb_section][et_pb_section fb_built=&#8221;1&#8243; _builder_version=&#8221;4.10.6&#8243; _module_preset=&#8221;default&#8221; background_color=&#8221;#000000&#8243; use_background_color_gradient=&#8221;on&#8221; background_color_gradient_start=&#8221;#000000&#8243; background_color_gradient_end=&#8221;#000000&#8243; width=&#8221;100%&#8221; global_colors_info=&#8221;{}&#8221;][et_pb_row column_structure=&#8221;1_4,1_4,1_4,1_4&#8243; _builder_version=&#8221;4.10.6&#8243; _module_preset=&#8221;default&#8221; width=&#8221;100%&#8221; max_width=&#8221;1434px&#8221; max_width_tablet=&#8221;88%&#8221; max_width_phone=&#8221;76%&#8221; max_width_last_edited=&#8221;on|phone&#8221; module_alignment_tablet=&#8221;&#8221; module_alignment_phone=&#8221;&#8221; module_alignment_last_edited=&#8221;on|phone&#8221; global_colors_info=&#8221;{}&#8221; custom_padding=&#8221;89px|||||&#8221;][et_pb_column type=&#8221;1_4&#8243; _builder_version=&#8221;4.10.6&#8243; _module_preset=&#8221;default&#8221; global_colors_info=&#8221;{}&#8221;][et_pb_text _builder_version=&#8221;4.10.6&#8243; _module_preset=&#8221;default&#8221; text_font=&#8221;Oswald||||||||&#8221; text_text_color=&#8221;#b09b62&#8243; text_font_size=&#8221;19px&#8221; global_colors_info=&#8221;{}&#8221;]<\/p>\n<p>SERVICE-HOTLINE<\/p>\n<p>[\/et_pb_text][et_pb_blurb title=&#8221;+49 30 814571900&#8243; use_icon=&#8221;on&#8221; font_icon=&#8221;%%264%%&#8221; icon_placement=&#8221;left&#8221; content_max_width=&#8221;1100px&#8221; use_icon_font_size=&#8221;on&#8221; icon_font_size=&#8221;39px&#8221; _builder_version=&#8221;4.10.6&#8243; _module_preset=&#8221;default&#8221; header_font=&#8221;Oswald||||||||&#8221; header_font_size=&#8221;29px&#8221; body_font=&#8221;Libre Franklin||||||||&#8221; body_text_color=&#8221;#757575&#8243; background_layout=&#8221;dark&#8221; global_colors_info=&#8221;{}&#8221;]<\/p>\n<p>Mo-Th 10.00 bis 12.00 Uhr<br \/>und 13.00 bis 16.00 Uhr<\/p>\n<p>[\/et_pb_blurb][\/et_pb_column][et_pb_column type=&#8221;1_4&#8243; _builder_version=&#8221;4.10.6&#8243; _module_preset=&#8221;default&#8221; global_colors_info=&#8221;{}&#8221;][et_pb_text _builder_version=&#8221;4.10.6&#8243; _module_preset=&#8221;default&#8221; text_font=&#8221;Oswald||||||||&#8221; text_text_color=&#8221;#b09b62&#8243; text_font_size=&#8221;19px&#8221; global_colors_info=&#8221;{}&#8221;]<\/p>\n<p>SHOP-SERVICE<\/p>\n<p>[\/et_pb_text][et_pb_menu menu_id=&#8221;none&#8221; active_link_color=&#8221;#757575&#8243; _builder_version=&#8221;4.10.6&#8243; _module_preset=&#8221;default&#8221; menu_font=&#8221;Libre Franklin||||||||&#8221; menu_text_color=&#8221;#757575&#8243; menu_line_height=&#8221;1.1em&#8221; background_color=&#8221;#000000&#8243; background_layout=&#8221;dark&#8221; width=&#8221;28%&#8221; max_width=&#8221;31%&#8221; module_alignment=&#8221;left&#8221; global_colors_info=&#8221;{}&#8221;][\/et_pb_menu][\/et_pb_column][et_pb_column type=&#8221;1_4&#8243; _builder_version=&#8221;4.10.6&#8243; _module_preset=&#8221;default&#8221; global_colors_info=&#8221;{}&#8221;][et_pb_text _builder_version=&#8221;4.10.6&#8243; _module_preset=&#8221;default&#8221; text_font=&#8221;Oswald||||||||&#8221; text_text_color=&#8221;#b09b62&#8243; text_font_size=&#8221;19px&#8221; global_colors_info=&#8221;{}&#8221;]<\/p>\n<p>SOCIALS<\/p>\n<p>[\/et_pb_text][et_pb_social_media_follow _builder_version=&#8221;4.10.6&#8243; _module_preset=&#8221;default&#8221; global_colors_info=&#8221;{}&#8221;][et_pb_social_media_follow_network social_network=&#8221;facebook&#8221; url=&#8221;https:\/\/www.facebook.com\/aagin.berlin&#8221; _builder_version=&#8221;4.10.6&#8243; _module_preset=&#8221;default&#8221; background_color=&#8221;#757575&#8243; background_enable_color=&#8221;on&#8221; global_colors_info=&#8221;{}&#8221; follow_button=&#8221;off&#8221; url_new_window=&#8221;on&#8221;]facebook[\/et_pb_social_media_follow_network][et_pb_social_media_follow_network social_network=&#8221;instagram&#8221; url=&#8221;https:\/\/www.instagram.com\/aaginberlin\/&#8221; icon_color=&#8221;#ffffff&#8221; _builder_version=&#8221;4.10.6&#8243; _module_preset=&#8221;default&#8221; background_color=&#8221;#757575&#8243; background_enable_color=&#8221;on&#8221; global_colors_info=&#8221;{}&#8221; follow_button=&#8221;off&#8221; url_new_window=&#8221;on&#8221;]instagram[\/et_pb_social_media_follow_network][\/et_pb_social_media_follow][\/et_pb_column][et_pb_column type=&#8221;1_4&#8243; _builder_version=&#8221;4.10.6&#8243; _module_preset=&#8221;default&#8221; global_colors_info=&#8221;{}&#8221;][et_pb_text _builder_version=&#8221;4.10.6&#8243; _module_preset=&#8221;default&#8221; text_font=&#8221;Oswald||||||||&#8221; text_text_color=&#8221;#b09b62&#8243; text_font_size=&#8221;19px&#8221; global_colors_info=&#8221;{}&#8221;]<\/p>\n<p>NEWSLETTER<\/p>\n<p>[\/et_pb_text][et_pb_signup mailchimp_list=&#8221;AAGIN eine Marke der Weindimensional|ee09b057bd&#8221; first_name_field=&#8221;off&#8221; last_name_field=&#8221;off&#8221; button_text=&#8221;Anmelden&#8221; _builder_version=&#8221;4.10.6&#8243; _module_preset=&#8221;default&#8221; form_field_background_color=&#8221;#000000&#8243; form_field_text_color=&#8221;#FFFFFF&#8221; form_field_focus_background_color=&#8221;#000000&#8243; background_color=&#8221;RGBA(0,0,0,0)&#8221; custom_button=&#8221;on&#8221; button_text_size=&#8221;17px&#8221; button_text_color=&#8221;#FFFFFF&#8221; button_bg_color=&#8221;#3f3f3f&#8221; button_border_width=&#8221;0px&#8221; button_icon=&#8221;%%153%%&#8221; button_icon_color=&#8221;#FFFFFF&#8221; button_icon_placement=&#8221;left&#8221; button_on_hover=&#8221;off&#8221; border_radii_fields=&#8221;on|2px|2px|2px|2px&#8221; border_width_all_fields=&#8221;3px&#8221; border_color_all_fields=&#8221;#757575&#8243; global_colors_info=&#8221;{}&#8221;][\/et_pb_signup][\/et_pb_column][\/et_pb_row][\/et_pb_section]<\/p>\n","protected":false},"excerpt":{"rendered":"<p>AAGIN ONLINESHOP ALLGEMEINE GESCH\u00c4FTSBEDINGUNGEN \u00a7 1 Geltungsbereich, Kundeninformationen Die folgenden allgemeinen Gesch\u00e4ftsbedingungen (AGB) regeln das Vertragsverh\u00e4ltnis zwischen Weindimensional GmbH AAGIN Onlineshop und den Verbrauchern und Unternehmern, die \u00fcber unseren Shop Waren kaufen. Entgegenstehende oder von unseren Gesch\u00e4ftsbedingungen abweichende Bedingungen werden von uns nicht anerkannt. Die Vertragssprache ist Deutsch. &nbsp; \u00a7 2 Vertragsschluss (1) Die Angebote [&hellip;]<\/p>\n","protected":false},"author":1,"featured_media":0,"parent":0,"menu_order":0,"comment_status":"closed","ping_status":"closed","template":"","meta":{"_et_pb_use_builder":"on","_et_pb_old_content":"","_et_gb_content_width":"","footnotes":""},"class_list":["post-656","page","type-page","status-publish","hentry"],"_links":{"self":[{"href":"https:\/\/aaspirits.com\/en\/wp-json\/wp\/v2\/pages\/656","targetHints":{"allow":["GET"]}}],"collection":[{"href":"https:\/\/aaspirits.com\/en\/wp-json\/wp\/v2\/pages"}],"about":[{"href":"https:\/\/aaspirits.com\/en\/wp-json\/wp\/v2\/types\/page"}],"author":[{"embeddable":true,"href":"https:\/\/aaspirits.com\/en\/wp-json\/wp\/v2\/users\/1"}],"replies":[{"embeddable":true,"href":"https:\/\/aaspirits.com\/en\/wp-json\/wp\/v2\/comments?post=656"}],"version-history":[{"count":8,"href":"https:\/\/aaspirits.com\/en\/wp-json\/wp\/v2\/pages\/656\/revisions"}],"predecessor-version":[{"id":664,"href":"https:\/\/aaspirits.com\/en\/wp-json\/wp\/v2\/pages\/656\/revisions\/664"}],"wp:attachment":[{"href":"https:\/\/aaspirits.com\/en\/wp-json\/wp\/v2\/media?parent=656"}],"curies":[{"name":"wp","href":"https:\/\/api.w.org\/{rel}","templated":true}]}}