{"id":5388,"date":"2024-01-25T18:58:30","date_gmt":"2024-01-25T17:58:30","guid":{"rendered":"https:\/\/aagin.com\/impressum\/"},"modified":"2024-08-20T14:09:55","modified_gmt":"2024-08-20T12:09:55","slug":"impressum","status":"publish","type":"page","link":"https:\/\/aaspirits.com\/en\/impressum\/","title":{"rendered":"IMPRESSUM"},"content":{"rendered":"<p>[et_pb_section fb_built=&#8221;1&#8243; _builder_version=&#8221;4.9.11&#8243; _module_preset=&#8221;default&#8221; background_color=&#8221;#000000&#8243; global_colors_info=&#8221;{}&#8221;][et_pb_row custom_padding_last_edited=&#8221;on|phone&#8221; admin_label=&#8221;Zeile&#8221; _builder_version=&#8221;4.11.4&#8243; _module_preset=&#8221;default&#8221; custom_padding=&#8221;139px|||||&#8221; custom_padding_tablet=&#8221;139px|||||&#8221; custom_padding_phone=&#8221;0px||||false|false&#8221; global_colors_info=&#8221;{}&#8221;][et_pb_column type=&#8221;4_4&#8243; _builder_version=&#8221;4.10.4&#8243; _module_preset=&#8221;default&#8221; global_colors_info=&#8221;{}&#8221;][et_pb_text _builder_version=&#8221;4.10.4&#8243; _module_preset=&#8221;default&#8221; header_2_font=&#8221;Oswald||||||||&#8221; header_2_font_size=&#8221;41px&#8221; header_2_letter_spacing=&#8221;1px&#8221; header_3_font=&#8221;Libre Franklin||||||||&#8221; header_3_text_color=&#8221;#FFFFFF&#8221; header_3_font_size=&#8221;15px&#8221; global_colors_info=&#8221;{}&#8221;]<\/p>\n<h3>AAGIN ONLINESHOP<\/h3>\n<h2>IMPRESSUM<\/h2>\n<p>[\/et_pb_text][\/et_pb_column][\/et_pb_row][et_pb_row column_structure=&#8221;1_2,1_2&#8243; custom_padding_last_edited=&#8221;on|phone&#8221; _builder_version=&#8221;4.11.4&#8243; _module_preset=&#8221;default&#8221; background_enable_image=&#8221;off&#8221; background_size=&#8221;contain&#8221; background_position=&#8221;center_left&#8221; min_height=&#8221;526.3px&#8221; custom_padding=&#8221;118px||0px||false|false&#8221; custom_padding_tablet=&#8221;118px||0px||false|false&#8221; custom_padding_phone=&#8221;0px||||false|false&#8221; global_colors_info=&#8221;{}&#8221;][et_pb_column type=&#8221;1_2&#8243; _builder_version=&#8221;4.10.4&#8243; _module_preset=&#8221;default&#8221; custom_padding=&#8221;||||false|false&#8221; global_colors_info=&#8221;{}&#8221;][et_pb_menu menu_id=&#8221;22&#8243; submenu_direction=&#8221;downwards&#8221; active_link_color=&#8221;#b1a354&#8243; _builder_version=&#8221;4.10.4&#8243; _module_preset=&#8221;default&#8221; menu_font_size=&#8221;16px&#8221; menu_letter_spacing=&#8221;1px&#8221; menu_line_height=&#8221;1.6em&#8221; background_color=&#8221;#000000&#8243; background_layout=&#8221;dark&#8221; max_width=&#8221;16%&#8221; global_colors_info=&#8221;{}&#8221;][\/et_pb_menu][\/et_pb_column][et_pb_column type=&#8221;1_2&#8243; _builder_version=&#8221;4.10.4&#8243; _module_preset=&#8221;default&#8221; global_colors_info=&#8221;{}&#8221;][et_pb_text _builder_version=&#8221;4.11.4&#8243; text_font=&#8221;Libre Franklin||||||||&#8221; text_text_color=&#8221;#FFFFFF&#8221; text_font_size=&#8221;16px&#8221; header_font=&#8221;Oswald||||||||&#8221; header_text_color=&#8221;#FFFFFF&#8221; header_font_size=&#8221;13px&#8221; header_2_font=&#8221;Oswald||||||||&#8221; header_2_text_color=&#8221;#FFFFFF&#8221; header_2_font_size=&#8221;3vw&#8221; header_2_line_height=&#8221;1.2em&#8221; header_3_font=&#8221;|700||on|||||&#8221; header_3_font_size=&#8221;14px&#8221; header_3_letter_spacing=&#8221;2px&#8221; header_3_line_height=&#8221;1.2em&#8221; header_6_font=&#8221;|700||on|||||&#8221; header_6_text_color=&#8221;#ffcf9a&#8221; header_6_letter_spacing=&#8221;2px&#8221; header_6_line_height=&#8221;1.2em&#8221; width=&#8221;190%&#8221; width_tablet=&#8221;100%&#8221; width_phone=&#8221;100%&#8221; width_last_edited=&#8221;on|tablet&#8221; max_width=&#8221;143%&#8221; max_width_tablet=&#8221;100%&#8221; max_width_phone=&#8221;100%&#8221; max_width_last_edited=&#8221;on|tablet&#8221; custom_margin=&#8221;|||-301px||&#8221; custom_margin_tablet=&#8221;|||0px|false|false&#8221; custom_margin_phone=&#8221;|||0px|false|false&#8221; custom_margin_last_edited=&#8221;on|tablet&#8221; custom_padding=&#8221;0px|0px||0px|false|false&#8221; hover_enabled=&#8221;0&#8243; header_2_font_size_tablet=&#8221;80px&#8221; header_2_font_size_phone=&#8221;40px&#8221; header_2_font_size_last_edited=&#8221;on|phone&#8221; locked=&#8221;off&#8221; global_colors_info=&#8221;{}&#8221; sticky_enabled=&#8221;0&#8243;]<\/p>\n<div class=\"elementor-column elementor-col-50 elementor-top-column elementor-element elementor-element-ddf5891\" data-id=\"ddf5891\" data-element_type=\"column\">\n<div class=\"elementor-column-wrap elementor-element-populated\">\n<div class=\"elementor-widget-wrap\">\n<div class=\"elementor-element elementor-element-c02480b elementor-widget elementor-widget-text-editor\" data-id=\"c02480b\" data-element_type=\"widget\" data-widget_type=\"text-editor.default\">\n<div class=\"elementor-widget-container\">\n<div class=\"elementor-text-editor elementor-clearfix\">\n<div class=\"janolaw-text\">\n<div class=\"janolaw-text\">\n<p>AASPIRITS GmbH<br \/>Aroser Allee 84<br \/>13407 Berlin<br \/>Phone: +49 30 814571900<br \/>E-Mail: mail@aaspirits.com<br \/>Net: aaspirits.com<br \/>AASPIRITS GmbH is represented by: Managing Partner Markus Haas<\/p>\n<p>&nbsp;<\/p>\n<\/div>\n<div class=\"janolaw-paragraph\"><\/div>\n<div class=\"janolaw-text\">\n<p>Registration court: Berlin<br \/>Commercial register<br \/>Registration number: HRB 191807<\/p>\n<\/div>\n<div class=\"janolaw-paragraph\"><\/div>\n<div class=\"janolaw-text\">\n<p>VAT identification number according to Section 27a of the Sales Tax Act (UStG): DE815735112<\/p>\n<\/div>\n<\/div>\n<\/div>\n<\/div>\n<\/div>\n<\/div>\n<\/div>\n<\/div>\n<p>[\/et_pb_text][\/et_pb_column][\/et_pb_row][\/et_pb_section][et_pb_section fb_built=&#8221;1&#8243; admin_label=&#8221;Section&#8221; _builder_version=&#8221;4.10.6&#8243; _module_preset=&#8221;default&#8221; background_color=&#8221;#000000&#8243; use_background_color_gradient=&#8221;on&#8221; background_color_gradient_start=&#8221;#000000&#8243; background_color_gradient_end=&#8221;#000000&#8243; width=&#8221;100%&#8221; global_colors_info=&#8221;{}&#8221;][et_pb_row column_structure=&#8221;1_4,1_4,1_4,1_4&#8243; _builder_version=&#8221;4.11.4&#8243; _module_preset=&#8221;default&#8221; width=&#8221;100%&#8221; max_width=&#8221;1434px&#8221; max_width_tablet=&#8221;88%&#8221; max_width_phone=&#8221;95%&#8221; max_width_last_edited=&#8221;on|phone&#8221; module_alignment_tablet=&#8221;center&#8221; module_alignment_phone=&#8221;&#8221; module_alignment_last_edited=&#8221;on|tablet&#8221; global_colors_info=&#8221;{}&#8221;][et_pb_column type=&#8221;1_4&#8243; _builder_version=&#8221;4.11.4&#8243; _module_preset=&#8221;default&#8221; global_colors_info=&#8221;{}&#8221;][et_pb_text _builder_version=&#8221;4.11.4&#8243; _module_preset=&#8221;default&#8221; text_font=&#8221;Oswald||||||||&#8221; text_text_color=&#8221;#b09b62&#8243; text_font_size=&#8221;19px&#8221; header_text_align=&#8221;center&#8221; module_alignment=&#8221;center&#8221; global_colors_info=&#8221;{}&#8221;]<\/p>\n<p style=\"text-align: center;\">SERVICE-HOTLINE<\/p>\n<p>[\/et_pb_text][et_pb_blurb title=&#8221;+49 30 814571900&#8243; use_icon=&#8221;on&#8221; font_icon=&#8221;%%264%%&#8221; icon_placement=&#8221;left&#8221; content_max_width=&#8221;1100px&#8221; use_icon_font_size=&#8221;on&#8221; icon_font_size=&#8221;39px&#8221; disabled_on=&#8221;off|on|on&#8221; admin_label=&#8221;Informationstext&#8221; module_id=&#8221;tel-nr&#8221; _builder_version=&#8221;4.11.4&#8243; _module_preset=&#8221;default&#8221; header_font=&#8221;Oswald||||||||&#8221; header_font_size=&#8221;29px&#8221; body_font=&#8221;Libre Franklin||||||||&#8221; body_text_color=&#8221;#757575&#8243; background_layout=&#8221;dark&#8221; custom_margin=&#8221;|||41px|false|false&#8221; global_colors_info=&#8221;{}&#8221;][\/et_pb_blurb][et_pb_blurb icon_placement=&#8221;left&#8221; content_max_width=&#8221;1100px&#8221; disabled_on=&#8221;off|on|on&#8221; admin_label=&#8221;Informationstext&#8221; _builder_version=&#8221;4.11.4&#8243; _module_preset=&#8221;default&#8221; header_font=&#8221;Oswald||||||||&#8221; header_font_size=&#8221;29px&#8221; body_font=&#8221;||||||||&#8221; body_text_color=&#8221;#757575&#8243; background_layout=&#8221;dark&#8221; custom_margin=&#8221;||||false|false&#8221; custom_padding=&#8221;|12px|||false|false&#8221; global_colors_info=&#8221;{}&#8221;]<\/p>\n<p style=\"text-align: center;\">Mo-Th 10.00 bis 12.00 Uhr<br \/>und 13.00 bis 16.00 Uhr<\/p>\n<p>[\/et_pb_blurb][et_pb_blurb title=&#8221;+49 30 814571900&#8243; use_icon=&#8221;on&#8221; font_icon=&#8221;%%264%%&#8221; icon_placement=&#8221;left&#8221; content_max_width=&#8221;1100px&#8221; use_icon_font_size=&#8221;on&#8221; icon_font_size=&#8221;39px&#8221; disabled_on=&#8221;on|off|off&#8221; admin_label=&#8221;Informationstext&#8221; module_id=&#8221;tel-nr&#8221; _builder_version=&#8221;4.11.4&#8243; _module_preset=&#8221;default&#8221; header_font=&#8221;Oswald||||||||&#8221; header_font_size=&#8221;29px&#8221; body_font=&#8221;Libre Franklin||||||||&#8221; body_text_color=&#8221;#757575&#8243; background_layout=&#8221;dark&#8221; global_colors_info=&#8221;{}&#8221;]<\/p>\n<p style=\"text-align: left;\">Mo-Th 10.00 bis 12.00 Uhr<br \/>und 13.00 bis 16.00 Uhr<\/p>\n<p>[\/et_pb_blurb][\/et_pb_column][et_pb_column type=&#8221;1_4&#8243; _builder_version=&#8221;4.10.6&#8243; _module_preset=&#8221;default&#8221; global_colors_info=&#8221;{}&#8221;][et_pb_text _builder_version=&#8221;4.11.4&#8243; _module_preset=&#8221;default&#8221; text_font=&#8221;Oswald||||||||&#8221; text_text_color=&#8221;#b09b62&#8243; text_font_size=&#8221;19px&#8221; global_colors_info=&#8221;{}&#8221;]<\/p>\n<p style=\"text-align: center;\">SHOP-SERVICE<\/p>\n<p>[\/et_pb_text][et_pb_menu menu_id=&#8221;22&#8243; menu_style=&#8221;centered&#8221; active_link_color=&#8221;#757575&#8243; module_id=&#8221;menu-footer&#8221; _builder_version=&#8221;4.11.4&#8243; _module_preset=&#8221;default&#8221; menu_font=&#8221;||||||||&#8221; menu_text_color=&#8221;#757575&#8243; menu_line_height=&#8221;1.1em&#8221; background_color=&#8221;#000000&#8243; background_layout=&#8221;dark&#8221; width=&#8221;28%&#8221; max_width=&#8221;31%&#8221; module_alignment=&#8221;center&#8221; custom_margin_tablet=&#8221;&#8221; custom_margin_phone=&#8221;||||false|false&#8221; custom_margin_last_edited=&#8221;on|phone&#8221; custom_padding=&#8221;|||20px|false|false&#8221; global_colors_info=&#8221;{}&#8221;][\/et_pb_menu][\/et_pb_column][et_pb_column type=&#8221;1_4&#8243; admin_label=&#8221;Spalte&#8221; _builder_version=&#8221;4.11.4&#8243; _module_preset=&#8221;default&#8221; custom_padding=&#8221;||||false|false&#8221; global_colors_info=&#8221;{}&#8221;][et_pb_text _builder_version=&#8221;4.11.4&#8243; _module_preset=&#8221;default&#8221; text_font=&#8221;||||||||&#8221; text_text_color=&#8221;#b09b62&#8243; text_font_size=&#8221;19px&#8221; text_orientation=&#8221;center&#8221; global_colors_info=&#8221;{}&#8221;]<\/p>\n<p>SOCIALS<\/p>\n<p>[\/et_pb_text][et_pb_social_media_follow _builder_version=&#8221;4.11.4&#8243; _module_preset=&#8221;default&#8221; text_orientation=&#8221;center&#8221; module_alignment=&#8221;center&#8221; global_colors_info=&#8221;{}&#8221;][et_pb_social_media_follow_network social_network=&#8221;facebook&#8221; url=&#8221;https:\/\/www.facebook.com\/aagin.berlin&#8221; _builder_version=&#8221;4.10.6&#8243; _module_preset=&#8221;default&#8221; background_color=&#8221;#757575&#8243; background_enable_color=&#8221;on&#8221; global_colors_info=&#8221;{}&#8221; follow_button=&#8221;off&#8221; url_new_window=&#8221;on&#8221;]facebook[\/et_pb_social_media_follow_network][et_pb_social_media_follow_network social_network=&#8221;instagram&#8221; url=&#8221;https:\/\/www.instagram.com\/aaginberlin\/&#8221; icon_color=&#8221;#ffffff&#8221; _builder_version=&#8221;4.10.6&#8243; _module_preset=&#8221;default&#8221; background_color=&#8221;#757575&#8243; background_enable_color=&#8221;on&#8221; global_colors_info=&#8221;{}&#8221; follow_button=&#8221;off&#8221; url_new_window=&#8221;on&#8221;]instagram[\/et_pb_social_media_follow_network][\/et_pb_social_media_follow][\/et_pb_column][et_pb_column type=&#8221;1_4&#8243; admin_label=&#8221;Spalte&#8221; _builder_version=&#8221;4.10.6&#8243; _module_preset=&#8221;default&#8221; global_colors_info=&#8221;{}&#8221;][et_pb_text _builder_version=&#8221;4.11.4&#8243; _module_preset=&#8221;default&#8221; text_font=&#8221;Oswald||||||||&#8221; text_text_color=&#8221;#b09b62&#8243; text_font_size=&#8221;19px&#8221; global_colors_info=&#8221;{}&#8221;]<\/p>\n<p style=\"text-align: center;\">NEWSLETTER<\/p>\n<p>[\/et_pb_text][et_pb_signup mailchimp_list=&#8221;AAGIN eine Marke der Weindimensional|ee09b057bd&#8221; first_name_field=&#8221;off&#8221; last_name_field=&#8221;off&#8221; success_message=&#8221;Thank you for subscribing!&#8221; button_text=&#8221;Anmelden&#8221; _builder_version=&#8221;4.11.4&#8243; _module_preset=&#8221;default&#8221; form_field_background_color=&#8221;#000000&#8243; form_field_text_color=&#8221;#FFFFFF&#8221; form_field_focus_background_color=&#8221;#000000&#8243; form_field_text_align=&#8221;center&#8221; background_color=&#8221;RGBA(0,0,0,0)&#8221; custom_button=&#8221;on&#8221; button_text_size=&#8221;17px&#8221; button_text_color=&#8221;#FFFFFF&#8221; button_bg_color=&#8221;#3f3f3f&#8221; button_border_width=&#8221;0px&#8221; button_icon=&#8221;%%153%%&#8221; button_icon_color=&#8221;#FFFFFF&#8221; button_icon_placement=&#8221;left&#8221; button_on_hover=&#8221;off&#8221; custom_margin=&#8221;||||false|false&#8221; border_radii_fields=&#8221;on|2px|2px|2px|2px&#8221; border_width_all_fields=&#8221;3px&#8221; border_color_all_fields=&#8221;#757575&#8243; global_colors_info=&#8221;{}&#8221;][\/et_pb_signup][et_pb_code _builder_version=&#8221;4.11.4&#8243; _module_preset=&#8221;default&#8221; global_colors_info=&#8221;{}&#8221;]<\/p>\n<style><!-- [et_pb_line_break_holder] -->#menu-footer {<!-- [et_pb_line_break_holder] -->  text-align: center;<!-- [et_pb_line_break_holder] -->  display: flex;<!-- [et_pb_line_break_holder] -->  justify-content: center;<!-- [et_pb_line_break_holder] -->  align-items: center;<!-- [et_pb_line_break_holder] -->}<!-- [et_pb_line_break_holder] --><!-- [et_pb_line_break_holder] -->@media screen and (min-width: 478px) {<!-- [et_pb_line_break_holder] -->  #menu-footer {<!-- [et_pb_line_break_holder] -->    \/* F\u00fcge hier zus\u00e4tzliche Styles f\u00fcr Desktop-Bildschirme hinzu, wenn n\u00f6tig *\/<!-- [et_pb_line_break_holder] -->    text-align: left; \/* Beispiel: Text auf der linken Seite ausrichten *\/<!-- [et_pb_line_break_holder] -->    display: block;   \/* Beispiel: Block-Layout f\u00fcr Desktops *\/<!-- [et_pb_line_break_holder] -->  }<!-- [et_pb_line_break_holder] -->}<!-- [et_pb_line_break_holder] --><\/style>\n<p>[\/et_pb_code][et_pb_code _builder_version=&#8221;4.11.4&#8243; _module_preset=&#8221;default&#8221; global_colors_info=&#8221;{}&#8221;]<\/p>\n<style><!-- [et_pb_line_break_holder] -->#tel-nr {<!-- [et_pb_line_break_holder] -->  text-align: center;<!-- [et_pb_line_break_holder] -->  display: flex;<!-- [et_pb_line_break_holder] -->  justify-content: center;<!-- [et_pb_line_break_holder] -->  align-items: center;<!-- [et_pb_line_break_holder] -->}<!-- [et_pb_line_break_holder] --><!-- [et_pb_line_break_holder] -->@media screen and (min-width: 478px) {<!-- [et_pb_line_break_holder] -->  #tel-nr {<!-- [et_pb_line_break_holder] -->    \/* F\u00fcge hier zus\u00e4tzliche Styles f\u00fcr Desktop-Bildschirme hinzu, wenn n\u00f6tig *\/<!-- [et_pb_line_break_holder] -->    text-align: left; \/* Beispiel: Text auf der linken Seite ausrichten *\/<!-- [et_pb_line_break_holder] -->    display: block;   \/* Beispiel: Block-Layout f\u00fcr Desktops *\/<!-- [et_pb_line_break_holder] -->  }<!-- [et_pb_line_break_holder] -->}<!-- [et_pb_line_break_holder] --><\/style>\n<p>[\/et_pb_code][\/et_pb_column][\/et_pb_row][\/et_pb_section]<\/p>\n","protected":false},"excerpt":{"rendered":"<p>AAGIN ONLINESHOP IMPRESSUM AASPIRITS GmbHAroser Allee 8413407 BerlinPhone: +49 30 814571900E-Mail: mail@aaspirits.comNet: aaspirits.comAASPIRITS GmbH is represented by: Managing Partner Markus Haas &nbsp; Registration court: BerlinCommercial registerRegistration number: HRB 191807 VAT identification number according to Section 27a of the Sales Tax Act (UStG): DE815735112 SERVICE-HOTLINEMo-Th 10.00 bis 12.00 Uhrund 13.00 bis 16.00 UhrMo-Th 10.00 bis 12.00 [&hellip;]<\/p>\n","protected":false},"author":1,"featured_media":0,"parent":0,"menu_order":0,"comment_status":"closed","ping_status":"closed","template":"","meta":{"_et_pb_use_builder":"on","_et_pb_old_content":"","_et_gb_content_width":"","footnotes":""},"class_list":["post-5388","page","type-page","status-publish","hentry"],"_links":{"self":[{"href":"https:\/\/aaspirits.com\/en\/wp-json\/wp\/v2\/pages\/5388","targetHints":{"allow":["GET"]}}],"collection":[{"href":"https:\/\/aaspirits.com\/en\/wp-json\/wp\/v2\/pages"}],"about":[{"href":"https:\/\/aaspirits.com\/en\/wp-json\/wp\/v2\/types\/page"}],"author":[{"embeddable":true,"href":"https:\/\/aaspirits.com\/en\/wp-json\/wp\/v2\/users\/1"}],"replies":[{"embeddable":true,"href":"https:\/\/aaspirits.com\/en\/wp-json\/wp\/v2\/comments?post=5388"}],"version-history":[{"count":3,"href":"https:\/\/aaspirits.com\/en\/wp-json\/wp\/v2\/pages\/5388\/revisions"}],"predecessor-version":[{"id":7363,"href":"https:\/\/aaspirits.com\/en\/wp-json\/wp\/v2\/pages\/5388\/revisions\/7363"}],"wp:attachment":[{"href":"https:\/\/aaspirits.com\/en\/wp-json\/wp\/v2\/media?parent=5388"}],"curies":[{"name":"wp","href":"https:\/\/api.w.org\/{rel}","templated":true}]}}